{"id":1714,"date":"2024-10-17T11:49:05","date_gmt":"2024-10-17T14:49:05","guid":{"rendered":"https:\/\/sanesoluti.com.br\/?post_type=product&#038;p=1714"},"modified":"2025-09-17T15:56:56","modified_gmt":"2025-09-17T18:56:56","slug":"medidor-de-vazao-eletromagnetico-carretel-ecomag","status":"publish","type":"product","link":"https:\/\/sanesoluti.com.br\/es\/producto\/medidor-de-vazao-eletromagnetico-carretel-ecomag\/","title":{"rendered":"Medidor de Flujo Electromagn\u00e9tico con bridas - Ecomag"},"content":{"rendered":"<p>O ECOMAG representa o que existe de mais moderno na tecnologia eletromagn\u00e9tica para aplica\u00e7\u00f5es de medi\u00e7\u00e3o de vaz\u00e3o de processos. O princ\u00edpio do funcionamento \u00e9 baseado na Lei de Faraday de indu\u00e7\u00e3o eletromagn\u00e9tica,<br \/>\nonde o sensor converte a vaz\u00e3o em uma tens\u00e3o el\u00e9trica proporcional a velocidade do fluxo. O conjunto medidor completo consiste em um elemento prim\u00e1rio (tubo medidor) e um elemento secund\u00e1rio (conversor de vaz\u00e3o). A Sanesoluti desenvolveu um medidor capaz de trabalhar sob condi\u00e7\u00f5es adversas e manter sua precis\u00e3o ao longo do tempo, garantindo confiabilidade aos resultados obtidos.<\/p>","protected":false},"excerpt":{"rendered":"<p>O ECOMAG representa o que existe de mais moderno na tecnologia eletromagn\u00e9tica para aplica\u00e7\u00f5es de medi\u00e7\u00e3o de vaz\u00e3o de processos. O princ\u00edpio do funcionamento \u00e9 baseado na Lei de Faraday de indu\u00e7\u00e3o eletromagn\u00e9tica, onde o sensor converte a vaz\u00e3o em uma tens\u00e3o el\u00e9trica proporcional a velocidade do fluxo. O conjunto medidor completo consiste em um [&hellip;]<\/p>","protected":false},"featured_media":1760,"template":"","meta":[],"product_brand":[],"product_cat":[30],"product_tag":[],"proposito":[35],"class_list":{"0":"post-1714","1":"product","2":"type-product","3":"status-publish","4":"has-post-thumbnail","6":"product_cat-medidores-de-volume-vazao","7":"proposito-orcamento","9":"first","10":"onbackorder","11":"virtual","12":"product-type-simple"},"yoast_head":"<!-- This site is optimized with the Yoast SEO plugin v27.3 - https:\/\/yoast.com\/product\/yoast-seo-wordpress\/ -->\n<title>Medidor de Vaz\u00e3o Eletromagn\u00e9tico Carretel - Ecomag - Sanesoluti<\/title>\n<meta name=\"robots\" content=\"index, follow, max-snippet:-1, max-image-preview:large, max-video-preview:-1\" \/>\n<link rel=\"canonical\" href=\"https:\/\/sanesoluti.com.br\/es\/producto\/medidor-de-vazao-eletromagnetico-carretel-ecomag\/\" \/>\n<meta property=\"og:locale\" content=\"es_ES\" \/>\n<meta property=\"og:type\" content=\"article\" \/>\n<meta property=\"og:title\" content=\"Medidor de Vaz\u00e3o Eletromagn\u00e9tico Carretel - Ecomag - Sanesoluti\" \/>\n<meta property=\"og:description\" content=\"O ECOMAG representa o que existe de mais moderno na tecnologia eletromagn\u00e9tica para aplica\u00e7\u00f5es de medi\u00e7\u00e3o de vaz\u00e3o de processos. O princ\u00edpio do funcionamento \u00e9 baseado na Lei de Faraday de indu\u00e7\u00e3o eletromagn\u00e9tica, onde o sensor converte a vaz\u00e3o em uma tens\u00e3o el\u00e9trica proporcional a velocidade do fluxo. O conjunto medidor completo consiste em um [&hellip;]\" \/>\n<meta property=\"og:url\" content=\"https:\/\/sanesoluti.com.br\/es\/producto\/medidor-de-vazao-eletromagnetico-carretel-ecomag\/\" \/>\n<meta property=\"og:site_name\" content=\"Sanesoluti\" \/>\n<meta property=\"article:modified_time\" content=\"2025-09-17T18:56:56+00:00\" \/>\n<meta property=\"og:image\" content=\"https:\/\/sanesoluti.com.br\/wp-content\/uploads\/2024\/10\/Ecomag-4.jpg\" \/>\n\t<meta property=\"og:image:width\" content=\"840\" \/>\n\t<meta property=\"og:image:height\" content=\"882\" \/>\n\t<meta property=\"og:image:type\" content=\"image\/jpeg\" \/>\n<meta name=\"twitter:card\" content=\"summary_large_image\" \/>\n<meta name=\"twitter:label1\" content=\"Tiempo de lectura\" \/>\n\t<meta name=\"twitter:data1\" content=\"1 minuto\" \/>\n<script type=\"application\/ld+json\" class=\"yoast-schema-graph\">{\"@context\":\"https:\\\/\\\/schema.org\",\"@graph\":[{\"@type\":\"WebPage\",\"@id\":\"https:\\\/\\\/sanesoluti.com.br\\\/produto\\\/medidor-de-vazao-eletromagnetico-carretel-ecomag\\\/\",\"url\":\"https:\\\/\\\/sanesoluti.com.br\\\/produto\\\/medidor-de-vazao-eletromagnetico-carretel-ecomag\\\/\",\"name\":\"Medidor de Vaz\u00e3o Eletromagn\u00e9tico Carretel - Ecomag - Sanesoluti\",\"isPartOf\":{\"@id\":\"https:\\\/\\\/sanesoluti.com.br\\\/#website\"},\"primaryImageOfPage\":{\"@id\":\"https:\\\/\\\/sanesoluti.com.br\\\/produto\\\/medidor-de-vazao-eletromagnetico-carretel-ecomag\\\/#primaryimage\"},\"image\":{\"@id\":\"https:\\\/\\\/sanesoluti.com.br\\\/produto\\\/medidor-de-vazao-eletromagnetico-carretel-ecomag\\\/#primaryimage\"},\"thumbnailUrl\":\"https:\\\/\\\/sanesoluti.com.br\\\/wp-content\\\/uploads\\\/2024\\\/10\\\/Ecomag-4.jpg\",\"datePublished\":\"2024-10-17T14:49:05+00:00\",\"dateModified\":\"2025-09-17T18:56:56+00:00\",\"breadcrumb\":{\"@id\":\"https:\\\/\\\/sanesoluti.com.br\\\/produto\\\/medidor-de-vazao-eletromagnetico-carretel-ecomag\\\/#breadcrumb\"},\"inLanguage\":\"es\",\"potentialAction\":[{\"@type\":\"ReadAction\",\"target\":[\"https:\\\/\\\/sanesoluti.com.br\\\/produto\\\/medidor-de-vazao-eletromagnetico-carretel-ecomag\\\/\"]}]},{\"@type\":\"ImageObject\",\"inLanguage\":\"es\",\"@id\":\"https:\\\/\\\/sanesoluti.com.br\\\/produto\\\/medidor-de-vazao-eletromagnetico-carretel-ecomag\\\/#primaryimage\",\"url\":\"https:\\\/\\\/sanesoluti.com.br\\\/wp-content\\\/uploads\\\/2024\\\/10\\\/Ecomag-4.jpg\",\"contentUrl\":\"https:\\\/\\\/sanesoluti.com.br\\\/wp-content\\\/uploads\\\/2024\\\/10\\\/Ecomag-4.jpg\",\"width\":840,\"height\":882,\"caption\":\"Ecomag\"},{\"@type\":\"BreadcrumbList\",\"@id\":\"https:\\\/\\\/sanesoluti.com.br\\\/produto\\\/medidor-de-vazao-eletromagnetico-carretel-ecomag\\\/#breadcrumb\",\"itemListElement\":[{\"@type\":\"ListItem\",\"position\":1,\"name\":\"Loja Online\",\"item\":\"https:\\\/\\\/sanesoluti.com.br\\\/loja-online\\\/\"},{\"@type\":\"ListItem\",\"position\":2,\"name\":\"Medidor de Vaz\u00e3o Eletromagn\u00e9tico Carretel &#8211; Ecomag\"}]},{\"@type\":\"WebSite\",\"@id\":\"https:\\\/\\\/sanesoluti.com.br\\\/#website\",\"url\":\"https:\\\/\\\/sanesoluti.com.br\\\/\",\"name\":\"Sanesoluti\",\"description\":\"\",\"publisher\":{\"@id\":\"https:\\\/\\\/sanesoluti.com.br\\\/#organization\"},\"potentialAction\":[{\"@type\":\"SearchAction\",\"target\":{\"@type\":\"EntryPoint\",\"urlTemplate\":\"https:\\\/\\\/sanesoluti.com.br\\\/?s={search_term_string}\"},\"query-input\":{\"@type\":\"PropertyValueSpecification\",\"valueRequired\":true,\"valueName\":\"search_term_string\"}}],\"inLanguage\":\"es\"},{\"@type\":\"Organization\",\"@id\":\"https:\\\/\\\/sanesoluti.com.br\\\/#organization\",\"name\":\"Sanesoluti\",\"url\":\"https:\\\/\\\/sanesoluti.com.br\\\/\",\"logo\":{\"@type\":\"ImageObject\",\"inLanguage\":\"es\",\"@id\":\"https:\\\/\\\/sanesoluti.com.br\\\/#\\\/schema\\\/logo\\\/image\\\/\",\"url\":\"https:\\\/\\\/sanesoluti.com.br\\\/wp-content\\\/uploads\\\/2020\\\/02\\\/Logo-Sane-soluti.svg\",\"contentUrl\":\"https:\\\/\\\/sanesoluti.com.br\\\/wp-content\\\/uploads\\\/2020\\\/02\\\/Logo-Sane-soluti.svg\",\"width\":224,\"height\":36,\"caption\":\"Sanesoluti\"},\"image\":{\"@id\":\"https:\\\/\\\/sanesoluti.com.br\\\/#\\\/schema\\\/logo\\\/image\\\/\"}}]}<\/script>\n<!-- \/ Yoast SEO plugin. -->","yoast_head_json":{"title":"Medidor de Vaz\u00e3o Eletromagn\u00e9tico Carretel - Ecomag - Sanesoluti","robots":{"index":"index","follow":"follow","max-snippet":"max-snippet:-1","max-image-preview":"max-image-preview:large","max-video-preview":"max-video-preview:-1"},"canonical":"https:\/\/sanesoluti.com.br\/es\/producto\/medidor-de-vazao-eletromagnetico-carretel-ecomag\/","og_locale":"es_ES","og_type":"article","og_title":"Medidor de Vaz\u00e3o Eletromagn\u00e9tico Carretel - Ecomag - Sanesoluti","og_description":"O ECOMAG representa o que existe de mais moderno na tecnologia eletromagn\u00e9tica para aplica\u00e7\u00f5es de medi\u00e7\u00e3o de vaz\u00e3o de processos. O princ\u00edpio do funcionamento \u00e9 baseado na Lei de Faraday de indu\u00e7\u00e3o eletromagn\u00e9tica, onde o sensor converte a vaz\u00e3o em uma tens\u00e3o el\u00e9trica proporcional a velocidade do fluxo. O conjunto medidor completo consiste em um [&hellip;]","og_url":"https:\/\/sanesoluti.com.br\/es\/producto\/medidor-de-vazao-eletromagnetico-carretel-ecomag\/","og_site_name":"Sanesoluti","article_modified_time":"2025-09-17T18:56:56+00:00","og_image":[{"width":840,"height":882,"url":"https:\/\/sanesoluti.com.br\/wp-content\/uploads\/2024\/10\/Ecomag-4.jpg","type":"image\/jpeg"}],"twitter_card":"summary_large_image","twitter_misc":{"Tiempo de lectura":"1 minuto"},"schema":{"@context":"https:\/\/schema.org","@graph":[{"@type":"WebPage","@id":"https:\/\/sanesoluti.com.br\/produto\/medidor-de-vazao-eletromagnetico-carretel-ecomag\/","url":"https:\/\/sanesoluti.com.br\/produto\/medidor-de-vazao-eletromagnetico-carretel-ecomag\/","name":"Medidor de Vaz\u00e3o Eletromagn\u00e9tico Carretel - Ecomag - Sanesoluti","isPartOf":{"@id":"https:\/\/sanesoluti.com.br\/#website"},"primaryImageOfPage":{"@id":"https:\/\/sanesoluti.com.br\/produto\/medidor-de-vazao-eletromagnetico-carretel-ecomag\/#primaryimage"},"image":{"@id":"https:\/\/sanesoluti.com.br\/produto\/medidor-de-vazao-eletromagnetico-carretel-ecomag\/#primaryimage"},"thumbnailUrl":"https:\/\/sanesoluti.com.br\/wp-content\/uploads\/2024\/10\/Ecomag-4.jpg","datePublished":"2024-10-17T14:49:05+00:00","dateModified":"2025-09-17T18:56:56+00:00","breadcrumb":{"@id":"https:\/\/sanesoluti.com.br\/produto\/medidor-de-vazao-eletromagnetico-carretel-ecomag\/#breadcrumb"},"inLanguage":"es","potentialAction":[{"@type":"ReadAction","target":["https:\/\/sanesoluti.com.br\/produto\/medidor-de-vazao-eletromagnetico-carretel-ecomag\/"]}]},{"@type":"ImageObject","inLanguage":"es","@id":"https:\/\/sanesoluti.com.br\/produto\/medidor-de-vazao-eletromagnetico-carretel-ecomag\/#primaryimage","url":"https:\/\/sanesoluti.com.br\/wp-content\/uploads\/2024\/10\/Ecomag-4.jpg","contentUrl":"https:\/\/sanesoluti.com.br\/wp-content\/uploads\/2024\/10\/Ecomag-4.jpg","width":840,"height":882,"caption":"Ecomag"},{"@type":"BreadcrumbList","@id":"https:\/\/sanesoluti.com.br\/produto\/medidor-de-vazao-eletromagnetico-carretel-ecomag\/#breadcrumb","itemListElement":[{"@type":"ListItem","position":1,"name":"Loja Online","item":"https:\/\/sanesoluti.com.br\/loja-online\/"},{"@type":"ListItem","position":2,"name":"Medidor de Vaz\u00e3o Eletromagn\u00e9tico Carretel &#8211; Ecomag"}]},{"@type":"WebSite","@id":"https:\/\/sanesoluti.com.br\/#website","url":"https:\/\/sanesoluti.com.br\/","name":"Sanesoluti","description":"","publisher":{"@id":"https:\/\/sanesoluti.com.br\/#organization"},"potentialAction":[{"@type":"SearchAction","target":{"@type":"EntryPoint","urlTemplate":"https:\/\/sanesoluti.com.br\/?s={search_term_string}"},"query-input":{"@type":"PropertyValueSpecification","valueRequired":true,"valueName":"search_term_string"}}],"inLanguage":"es"},{"@type":"Organization","@id":"https:\/\/sanesoluti.com.br\/#organization","name":"Sanesoluti","url":"https:\/\/sanesoluti.com.br\/","logo":{"@type":"ImageObject","inLanguage":"es","@id":"https:\/\/sanesoluti.com.br\/#\/schema\/logo\/image\/","url":"https:\/\/sanesoluti.com.br\/wp-content\/uploads\/2020\/02\/Logo-Sane-soluti.svg","contentUrl":"https:\/\/sanesoluti.com.br\/wp-content\/uploads\/2020\/02\/Logo-Sane-soluti.svg","width":224,"height":36,"caption":"Sanesoluti"},"image":{"@id":"https:\/\/sanesoluti.com.br\/#\/schema\/logo\/image\/"}}]}},"_links":{"self":[{"href":"https:\/\/sanesoluti.com.br\/es\/wp-json\/wp\/v2\/product\/1714","targetHints":{"allow":["GET"]}}],"collection":[{"href":"https:\/\/sanesoluti.com.br\/es\/wp-json\/wp\/v2\/product"}],"about":[{"href":"https:\/\/sanesoluti.com.br\/es\/wp-json\/wp\/v2\/types\/product"}],"wp:featuredmedia":[{"embeddable":true,"href":"https:\/\/sanesoluti.com.br\/es\/wp-json\/wp\/v2\/media\/1760"}],"wp:attachment":[{"href":"https:\/\/sanesoluti.com.br\/es\/wp-json\/wp\/v2\/media?parent=1714"}],"wp:term":[{"taxonomy":"product_brand","embeddable":true,"href":"https:\/\/sanesoluti.com.br\/es\/wp-json\/wp\/v2\/product_brand?post=1714"},{"taxonomy":"product_cat","embeddable":true,"href":"https:\/\/sanesoluti.com.br\/es\/wp-json\/wp\/v2\/product_cat?post=1714"},{"taxonomy":"product_tag","embeddable":true,"href":"https:\/\/sanesoluti.com.br\/es\/wp-json\/wp\/v2\/product_tag?post=1714"},{"taxonomy":"proposito","embeddable":true,"href":"https:\/\/sanesoluti.com.br\/es\/wp-json\/wp\/v2\/proposito?post=1714"}],"curies":[{"name":"wp","href":"https:\/\/api.w.org\/{rel}","templated":true}]}}