{"id":1708,"date":"2024-10-17T11:37:25","date_gmt":"2024-10-17T14:37:25","guid":{"rendered":"https:\/\/sanesoluti.com.br\/?post_type=product&#038;p=1708"},"modified":"2025-09-17T16:25:05","modified_gmt":"2025-09-17T19:25:05","slug":"medidor-de-nivel-vazao-ultrassonico-para-calha-parshall-eco-f","status":"publish","type":"product","link":"https:\/\/sanesoluti.com.br\/es\/producto\/medidor-de-nivel-vazao-ultrassonico-para-calha-parshall-eco-f\/","title":{"rendered":"Medidor de nivel ultras\u00f3nico ECO-N \/ Medidor ultras\u00f3nico para canalones Parshall ECO-F"},"content":{"rendered":"<p>O Medidor de N\u00edvel Ultrass\u00f4nico<strong> ECO-N<\/strong> combina um transmissor ultrass\u00f4nico com um m\u00f3dulo eletr\u00f4nico. O transdutor emite pulsos ultrass\u00f4nicos que se propagam at\u00e9 o meio alvo, onde s\u00e3o refletidos de volta para o sistema, permitindo uma medi\u00e7\u00e3o precisa, e dispon\u00edvel com diferentes alcances de medi\u00e7\u00e3o.<\/p>\n<p>&nbsp;<\/p>\n<p>O Medidor de Vaz\u00e3o Ultrass\u00f4nico para Calha Parshall <strong>ECO-F<\/strong> foi projetado especificamente para medir a vaz\u00e3o em Calhas Parshall, comum em esta\u00e7\u00f5es de tratamento de \u00e1gua. A medi\u00e7\u00e3o ocorre em conduto livre, onde a altura do fluido na calha \u00e9 relacionada diretamente \u00e0 vaz\u00e3o.<\/p>\n<p>&nbsp;<\/p>\n<p>Ambos os modelos se destacam por sua versatilidade e capacidade de integra\u00e7\u00e3o com sistemas de automa\u00e7\u00e3o e telemetria. Suas sa\u00eddas 4-20mA, Rel\u00e9s e ModBus permitem comunica\u00e7\u00e3o eficiente com qualquer sistema dispon\u00edvel no mercado.<\/p>","protected":false},"excerpt":{"rendered":"<p>O Medidor de N\u00edvel Ultrass\u00f4nico ECO-N combina um transmissor ultrass\u00f4nico com um m\u00f3dulo eletr\u00f4nico. O transdutor emite pulsos ultrass\u00f4nicos que se propagam at\u00e9 o meio alvo, onde s\u00e3o refletidos de volta para o sistema, permitindo uma medi\u00e7\u00e3o precisa, e dispon\u00edvel com diferentes alcances de medi\u00e7\u00e3o. &nbsp; O Medidor de Vaz\u00e3o Ultrass\u00f4nico para Calha Parshall ECO-F [&hellip;]<\/p>","protected":false},"featured_media":1767,"template":"","meta":[],"product_brand":[],"product_cat":[31],"product_tag":[],"proposito":[35],"class_list":{"0":"post-1708","1":"product","2":"type-product","3":"status-publish","4":"has-post-thumbnail","6":"product_cat-medidores-de-nivel","7":"proposito-orcamento","9":"first","10":"onbackorder","11":"virtual","12":"product-type-simple"},"yoast_head":"<!-- This site is optimized with the Yoast SEO plugin v27.3 - https:\/\/yoast.com\/product\/yoast-seo-wordpress\/ -->\n<title>Medidor de N\u00edvel Ultrass\u00f4nico ECO-N \/ Medidor Ultrass\u00f4nico para Calha Parshall ECO-F - Sanesoluti<\/title>\n<meta name=\"robots\" content=\"index, follow, max-snippet:-1, max-image-preview:large, max-video-preview:-1\" \/>\n<link rel=\"canonical\" href=\"https:\/\/sanesoluti.com.br\/es\/producto\/medidor-de-nivel-vazao-ultrassonico-para-calha-parshall-eco-f\/\" \/>\n<meta property=\"og:locale\" content=\"es_ES\" \/>\n<meta property=\"og:type\" content=\"article\" \/>\n<meta property=\"og:title\" content=\"Medidor de N\u00edvel Ultrass\u00f4nico ECO-N \/ Medidor Ultrass\u00f4nico para Calha Parshall ECO-F - Sanesoluti\" \/>\n<meta property=\"og:description\" content=\"O Medidor de N\u00edvel Ultrass\u00f4nico ECO-N combina um transmissor ultrass\u00f4nico com um m\u00f3dulo eletr\u00f4nico. O transdutor emite pulsos ultrass\u00f4nicos que se propagam at\u00e9 o meio alvo, onde s\u00e3o refletidos de volta para o sistema, permitindo uma medi\u00e7\u00e3o precisa, e dispon\u00edvel com diferentes alcances de medi\u00e7\u00e3o. &nbsp; O Medidor de Vaz\u00e3o Ultrass\u00f4nico para Calha Parshall ECO-F [&hellip;]\" \/>\n<meta property=\"og:url\" content=\"https:\/\/sanesoluti.com.br\/es\/producto\/medidor-de-nivel-vazao-ultrassonico-para-calha-parshall-eco-f\/\" \/>\n<meta property=\"og:site_name\" content=\"Sanesoluti\" \/>\n<meta property=\"article:modified_time\" content=\"2025-09-17T19:25:05+00:00\" \/>\n<meta property=\"og:image\" content=\"https:\/\/sanesoluti.com.br\/wp-content\/uploads\/2024\/10\/eco-f.jpg\" \/>\n\t<meta property=\"og:image:width\" content=\"500\" \/>\n\t<meta property=\"og:image:height\" content=\"354\" \/>\n\t<meta property=\"og:image:type\" content=\"image\/jpeg\" \/>\n<meta name=\"twitter:card\" content=\"summary_large_image\" \/>\n<meta name=\"twitter:label1\" content=\"Tiempo de lectura\" \/>\n\t<meta name=\"twitter:data1\" content=\"1 minuto\" \/>\n<script type=\"application\/ld+json\" class=\"yoast-schema-graph\">{\"@context\":\"https:\\\/\\\/schema.org\",\"@graph\":[{\"@type\":\"WebPage\",\"@id\":\"https:\\\/\\\/sanesoluti.com.br\\\/produto\\\/medidor-de-nivel-vazao-ultrassonico-para-calha-parshall-eco-f\\\/\",\"url\":\"https:\\\/\\\/sanesoluti.com.br\\\/produto\\\/medidor-de-nivel-vazao-ultrassonico-para-calha-parshall-eco-f\\\/\",\"name\":\"Medidor de N\u00edvel Ultrass\u00f4nico ECO-N \\\/ Medidor Ultrass\u00f4nico para Calha Parshall ECO-F - Sanesoluti\",\"isPartOf\":{\"@id\":\"https:\\\/\\\/sanesoluti.com.br\\\/#website\"},\"primaryImageOfPage\":{\"@id\":\"https:\\\/\\\/sanesoluti.com.br\\\/produto\\\/medidor-de-nivel-vazao-ultrassonico-para-calha-parshall-eco-f\\\/#primaryimage\"},\"image\":{\"@id\":\"https:\\\/\\\/sanesoluti.com.br\\\/produto\\\/medidor-de-nivel-vazao-ultrassonico-para-calha-parshall-eco-f\\\/#primaryimage\"},\"thumbnailUrl\":\"https:\\\/\\\/sanesoluti.com.br\\\/wp-content\\\/uploads\\\/2024\\\/10\\\/eco-f.jpg\",\"datePublished\":\"2024-10-17T14:37:25+00:00\",\"dateModified\":\"2025-09-17T19:25:05+00:00\",\"breadcrumb\":{\"@id\":\"https:\\\/\\\/sanesoluti.com.br\\\/produto\\\/medidor-de-nivel-vazao-ultrassonico-para-calha-parshall-eco-f\\\/#breadcrumb\"},\"inLanguage\":\"es\",\"potentialAction\":[{\"@type\":\"ReadAction\",\"target\":[\"https:\\\/\\\/sanesoluti.com.br\\\/produto\\\/medidor-de-nivel-vazao-ultrassonico-para-calha-parshall-eco-f\\\/\"]}]},{\"@type\":\"ImageObject\",\"inLanguage\":\"es\",\"@id\":\"https:\\\/\\\/sanesoluti.com.br\\\/produto\\\/medidor-de-nivel-vazao-ultrassonico-para-calha-parshall-eco-f\\\/#primaryimage\",\"url\":\"https:\\\/\\\/sanesoluti.com.br\\\/wp-content\\\/uploads\\\/2024\\\/10\\\/eco-f.jpg\",\"contentUrl\":\"https:\\\/\\\/sanesoluti.com.br\\\/wp-content\\\/uploads\\\/2024\\\/10\\\/eco-f.jpg\",\"width\":500,\"height\":354,\"caption\":\"eco f\"},{\"@type\":\"BreadcrumbList\",\"@id\":\"https:\\\/\\\/sanesoluti.com.br\\\/produto\\\/medidor-de-nivel-vazao-ultrassonico-para-calha-parshall-eco-f\\\/#breadcrumb\",\"itemListElement\":[{\"@type\":\"ListItem\",\"position\":1,\"name\":\"Loja Online\",\"item\":\"https:\\\/\\\/sanesoluti.com.br\\\/loja-online\\\/\"},{\"@type\":\"ListItem\",\"position\":2,\"name\":\"Medidor de N\u00edvel Ultrass\u00f4nico ECO-N \\\/ Medidor Ultrass\u00f4nico para Calha Parshall ECO-F\"}]},{\"@type\":\"WebSite\",\"@id\":\"https:\\\/\\\/sanesoluti.com.br\\\/#website\",\"url\":\"https:\\\/\\\/sanesoluti.com.br\\\/\",\"name\":\"Sanesoluti\",\"description\":\"\",\"publisher\":{\"@id\":\"https:\\\/\\\/sanesoluti.com.br\\\/#organization\"},\"potentialAction\":[{\"@type\":\"SearchAction\",\"target\":{\"@type\":\"EntryPoint\",\"urlTemplate\":\"https:\\\/\\\/sanesoluti.com.br\\\/?s={search_term_string}\"},\"query-input\":{\"@type\":\"PropertyValueSpecification\",\"valueRequired\":true,\"valueName\":\"search_term_string\"}}],\"inLanguage\":\"es\"},{\"@type\":\"Organization\",\"@id\":\"https:\\\/\\\/sanesoluti.com.br\\\/#organization\",\"name\":\"Sanesoluti\",\"url\":\"https:\\\/\\\/sanesoluti.com.br\\\/\",\"logo\":{\"@type\":\"ImageObject\",\"inLanguage\":\"es\",\"@id\":\"https:\\\/\\\/sanesoluti.com.br\\\/#\\\/schema\\\/logo\\\/image\\\/\",\"url\":\"https:\\\/\\\/sanesoluti.com.br\\\/wp-content\\\/uploads\\\/2020\\\/02\\\/Logo-Sane-soluti.svg\",\"contentUrl\":\"https:\\\/\\\/sanesoluti.com.br\\\/wp-content\\\/uploads\\\/2020\\\/02\\\/Logo-Sane-soluti.svg\",\"width\":224,\"height\":36,\"caption\":\"Sanesoluti\"},\"image\":{\"@id\":\"https:\\\/\\\/sanesoluti.com.br\\\/#\\\/schema\\\/logo\\\/image\\\/\"}}]}<\/script>\n<!-- \/ Yoast SEO plugin. -->","yoast_head_json":{"title":"Medidor de N\u00edvel Ultrass\u00f4nico ECO-N \/ Medidor Ultrass\u00f4nico para Calha Parshall ECO-F - Sanesoluti","robots":{"index":"index","follow":"follow","max-snippet":"max-snippet:-1","max-image-preview":"max-image-preview:large","max-video-preview":"max-video-preview:-1"},"canonical":"https:\/\/sanesoluti.com.br\/es\/producto\/medidor-de-nivel-vazao-ultrassonico-para-calha-parshall-eco-f\/","og_locale":"es_ES","og_type":"article","og_title":"Medidor de N\u00edvel Ultrass\u00f4nico ECO-N \/ Medidor Ultrass\u00f4nico para Calha Parshall ECO-F - Sanesoluti","og_description":"O Medidor de N\u00edvel Ultrass\u00f4nico ECO-N combina um transmissor ultrass\u00f4nico com um m\u00f3dulo eletr\u00f4nico. O transdutor emite pulsos ultrass\u00f4nicos que se propagam at\u00e9 o meio alvo, onde s\u00e3o refletidos de volta para o sistema, permitindo uma medi\u00e7\u00e3o precisa, e dispon\u00edvel com diferentes alcances de medi\u00e7\u00e3o. &nbsp; O Medidor de Vaz\u00e3o Ultrass\u00f4nico para Calha Parshall ECO-F [&hellip;]","og_url":"https:\/\/sanesoluti.com.br\/es\/producto\/medidor-de-nivel-vazao-ultrassonico-para-calha-parshall-eco-f\/","og_site_name":"Sanesoluti","article_modified_time":"2025-09-17T19:25:05+00:00","og_image":[{"width":500,"height":354,"url":"https:\/\/sanesoluti.com.br\/wp-content\/uploads\/2024\/10\/eco-f.jpg","type":"image\/jpeg"}],"twitter_card":"summary_large_image","twitter_misc":{"Tiempo de lectura":"1 minuto"},"schema":{"@context":"https:\/\/schema.org","@graph":[{"@type":"WebPage","@id":"https:\/\/sanesoluti.com.br\/produto\/medidor-de-nivel-vazao-ultrassonico-para-calha-parshall-eco-f\/","url":"https:\/\/sanesoluti.com.br\/produto\/medidor-de-nivel-vazao-ultrassonico-para-calha-parshall-eco-f\/","name":"Medidor de N\u00edvel Ultrass\u00f4nico ECO-N \/ Medidor Ultrass\u00f4nico para Calha Parshall ECO-F - Sanesoluti","isPartOf":{"@id":"https:\/\/sanesoluti.com.br\/#website"},"primaryImageOfPage":{"@id":"https:\/\/sanesoluti.com.br\/produto\/medidor-de-nivel-vazao-ultrassonico-para-calha-parshall-eco-f\/#primaryimage"},"image":{"@id":"https:\/\/sanesoluti.com.br\/produto\/medidor-de-nivel-vazao-ultrassonico-para-calha-parshall-eco-f\/#primaryimage"},"thumbnailUrl":"https:\/\/sanesoluti.com.br\/wp-content\/uploads\/2024\/10\/eco-f.jpg","datePublished":"2024-10-17T14:37:25+00:00","dateModified":"2025-09-17T19:25:05+00:00","breadcrumb":{"@id":"https:\/\/sanesoluti.com.br\/produto\/medidor-de-nivel-vazao-ultrassonico-para-calha-parshall-eco-f\/#breadcrumb"},"inLanguage":"es","potentialAction":[{"@type":"ReadAction","target":["https:\/\/sanesoluti.com.br\/produto\/medidor-de-nivel-vazao-ultrassonico-para-calha-parshall-eco-f\/"]}]},{"@type":"ImageObject","inLanguage":"es","@id":"https:\/\/sanesoluti.com.br\/produto\/medidor-de-nivel-vazao-ultrassonico-para-calha-parshall-eco-f\/#primaryimage","url":"https:\/\/sanesoluti.com.br\/wp-content\/uploads\/2024\/10\/eco-f.jpg","contentUrl":"https:\/\/sanesoluti.com.br\/wp-content\/uploads\/2024\/10\/eco-f.jpg","width":500,"height":354,"caption":"eco f"},{"@type":"BreadcrumbList","@id":"https:\/\/sanesoluti.com.br\/produto\/medidor-de-nivel-vazao-ultrassonico-para-calha-parshall-eco-f\/#breadcrumb","itemListElement":[{"@type":"ListItem","position":1,"name":"Loja Online","item":"https:\/\/sanesoluti.com.br\/loja-online\/"},{"@type":"ListItem","position":2,"name":"Medidor de N\u00edvel Ultrass\u00f4nico ECO-N \/ Medidor Ultrass\u00f4nico para Calha Parshall ECO-F"}]},{"@type":"WebSite","@id":"https:\/\/sanesoluti.com.br\/#website","url":"https:\/\/sanesoluti.com.br\/","name":"Sanesoluti","description":"","publisher":{"@id":"https:\/\/sanesoluti.com.br\/#organization"},"potentialAction":[{"@type":"SearchAction","target":{"@type":"EntryPoint","urlTemplate":"https:\/\/sanesoluti.com.br\/?s={search_term_string}"},"query-input":{"@type":"PropertyValueSpecification","valueRequired":true,"valueName":"search_term_string"}}],"inLanguage":"es"},{"@type":"Organization","@id":"https:\/\/sanesoluti.com.br\/#organization","name":"Sanesoluti","url":"https:\/\/sanesoluti.com.br\/","logo":{"@type":"ImageObject","inLanguage":"es","@id":"https:\/\/sanesoluti.com.br\/#\/schema\/logo\/image\/","url":"https:\/\/sanesoluti.com.br\/wp-content\/uploads\/2020\/02\/Logo-Sane-soluti.svg","contentUrl":"https:\/\/sanesoluti.com.br\/wp-content\/uploads\/2020\/02\/Logo-Sane-soluti.svg","width":224,"height":36,"caption":"Sanesoluti"},"image":{"@id":"https:\/\/sanesoluti.com.br\/#\/schema\/logo\/image\/"}}]}},"_links":{"self":[{"href":"https:\/\/sanesoluti.com.br\/es\/wp-json\/wp\/v2\/product\/1708","targetHints":{"allow":["GET"]}}],"collection":[{"href":"https:\/\/sanesoluti.com.br\/es\/wp-json\/wp\/v2\/product"}],"about":[{"href":"https:\/\/sanesoluti.com.br\/es\/wp-json\/wp\/v2\/types\/product"}],"wp:featuredmedia":[{"embeddable":true,"href":"https:\/\/sanesoluti.com.br\/es\/wp-json\/wp\/v2\/media\/1767"}],"wp:attachment":[{"href":"https:\/\/sanesoluti.com.br\/es\/wp-json\/wp\/v2\/media?parent=1708"}],"wp:term":[{"taxonomy":"product_brand","embeddable":true,"href":"https:\/\/sanesoluti.com.br\/es\/wp-json\/wp\/v2\/product_brand?post=1708"},{"taxonomy":"product_cat","embeddable":true,"href":"https:\/\/sanesoluti.com.br\/es\/wp-json\/wp\/v2\/product_cat?post=1708"},{"taxonomy":"product_tag","embeddable":true,"href":"https:\/\/sanesoluti.com.br\/es\/wp-json\/wp\/v2\/product_tag?post=1708"},{"taxonomy":"proposito","embeddable":true,"href":"https:\/\/sanesoluti.com.br\/es\/wp-json\/wp\/v2\/proposito?post=1708"}],"curies":[{"name":"wp","href":"https:\/\/api.w.org\/{rel}","templated":true}]}}