{"id":1701,"date":"2024-10-17T10:25:30","date_gmt":"2024-10-17T13:25:30","guid":{"rendered":"https:\/\/sanesoluti.com.br\/?post_type=product&#038;p=1701"},"modified":"2025-09-17T15:55:16","modified_gmt":"2025-09-17T18:55:16","slug":"geofone-digital-eco150","status":"publish","type":"product","link":"https:\/\/sanesoluti.com.br\/es\/producto\/geofone-digital-eco150\/","title":{"rendered":"Ge\u00f3fono Digital \u2013 ECO150"},"content":{"rendered":"<p>O ECO150 \u00e9 um equipamento ac\u00fastico, destinado a captar ru\u00eddos e transmiti-los ao operador, atrav\u00e9s do fone de ouvido. Sendo utilizado como ferramenta para localizar vazamentos n\u00e3o vis\u00edveis em tubula\u00e7\u00f5es enterradas, que conduzem \u00e1gua sob press\u00e3o. Por ser Digital, possu\u00ed sistema de Combina\u00e7\u00e3o de filtros selecion\u00e1veis infinitos, que possibilita ampliar apenas as frequ\u00eancias de ru\u00eddos desej\u00e1veis.<\/p>\n<p>O Geofone Eletr\u00f4nico \u00e9 o equipamento fundamental para realizar qualquer pesquisa de vazamento, portanto recomenda-se que seja o primeiro equipamento a ser adquirido pelas empresas que pretendem desenvolver atividades de pesquisa de vazamento. Os geofones tamb\u00e9m podem ser usados na localiza\u00e7\u00e3o de redes e ramais, liga\u00e7\u00f5es clandestinas e fraudes, combinado com uma v\u00e1lvula pulsadora.<\/p>","protected":false},"excerpt":{"rendered":"<p>O ECO150 \u00e9 um equipamento ac\u00fastico, destinado a captar ru\u00eddos e transmiti-los ao operador, atrav\u00e9s do fone de ouvido. Sendo utilizado como ferramenta para localizar vazamentos n\u00e3o vis\u00edveis em tubula\u00e7\u00f5es enterradas, que conduzem \u00e1gua sob press\u00e3o. Por ser Digital, possu\u00ed sistema de Combina\u00e7\u00e3o de filtros selecion\u00e1veis infinitos, que possibilita ampliar apenas as frequ\u00eancias de ru\u00eddos [&hellip;]<\/p>","protected":false},"featured_media":1734,"template":"","meta":[],"product_brand":[],"product_cat":[22],"product_tag":[],"proposito":[35],"class_list":{"0":"post-1701","1":"product","2":"type-product","3":"status-publish","4":"has-post-thumbnail","6":"product_cat-pesquisa-de-vazamento","7":"proposito-orcamento","9":"first","10":"onbackorder","11":"virtual","12":"product-type-simple"},"yoast_head":"<!-- This site is optimized with the Yoast SEO plugin v27.3 - https:\/\/yoast.com\/product\/yoast-seo-wordpress\/ -->\n<title>Geofone Digital - ECO150 - Sanesoluti<\/title>\n<meta name=\"robots\" content=\"index, follow, max-snippet:-1, max-image-preview:large, max-video-preview:-1\" \/>\n<link rel=\"canonical\" href=\"https:\/\/sanesoluti.com.br\/es\/producto\/geofone-digital-eco150\/\" \/>\n<meta property=\"og:locale\" content=\"es_ES\" \/>\n<meta property=\"og:type\" content=\"article\" \/>\n<meta property=\"og:title\" content=\"Geofone Digital - ECO150 - Sanesoluti\" \/>\n<meta property=\"og:description\" content=\"O ECO150 \u00e9 um equipamento ac\u00fastico, destinado a captar ru\u00eddos e transmiti-los ao operador, atrav\u00e9s do fone de ouvido. Sendo utilizado como ferramenta para localizar vazamentos n\u00e3o vis\u00edveis em tubula\u00e7\u00f5es enterradas, que conduzem \u00e1gua sob press\u00e3o. Por ser Digital, possu\u00ed sistema de Combina\u00e7\u00e3o de filtros selecion\u00e1veis infinitos, que possibilita ampliar apenas as frequ\u00eancias de ru\u00eddos [&hellip;]\" \/>\n<meta property=\"og:url\" content=\"https:\/\/sanesoluti.com.br\/es\/producto\/geofone-digital-eco150\/\" \/>\n<meta property=\"og:site_name\" content=\"Sanesoluti\" \/>\n<meta property=\"article:modified_time\" content=\"2025-09-17T18:55:16+00:00\" \/>\n<meta property=\"og:image\" content=\"https:\/\/sanesoluti.com.br\/wp-content\/uploads\/2024\/10\/ECO150-768x1024.png\" \/>\n\t<meta property=\"og:image:width\" content=\"768\" \/>\n\t<meta property=\"og:image:height\" content=\"1024\" \/>\n\t<meta property=\"og:image:type\" content=\"image\/png\" \/>\n<meta name=\"twitter:card\" content=\"summary_large_image\" \/>\n<meta name=\"twitter:label1\" content=\"Tiempo de lectura\" \/>\n\t<meta name=\"twitter:data1\" content=\"1 minuto\" \/>\n<script type=\"application\/ld+json\" class=\"yoast-schema-graph\">{\"@context\":\"https:\\\/\\\/schema.org\",\"@graph\":[{\"@type\":\"WebPage\",\"@id\":\"https:\\\/\\\/sanesoluti.com.br\\\/produto\\\/geofone-digital-eco150\\\/\",\"url\":\"https:\\\/\\\/sanesoluti.com.br\\\/produto\\\/geofone-digital-eco150\\\/\",\"name\":\"Geofone Digital - ECO150 - Sanesoluti\",\"isPartOf\":{\"@id\":\"https:\\\/\\\/sanesoluti.com.br\\\/#website\"},\"primaryImageOfPage\":{\"@id\":\"https:\\\/\\\/sanesoluti.com.br\\\/produto\\\/geofone-digital-eco150\\\/#primaryimage\"},\"image\":{\"@id\":\"https:\\\/\\\/sanesoluti.com.br\\\/produto\\\/geofone-digital-eco150\\\/#primaryimage\"},\"thumbnailUrl\":\"https:\\\/\\\/sanesoluti.com.br\\\/wp-content\\\/uploads\\\/2024\\\/10\\\/ECO150.png\",\"datePublished\":\"2024-10-17T13:25:30+00:00\",\"dateModified\":\"2025-09-17T18:55:16+00:00\",\"breadcrumb\":{\"@id\":\"https:\\\/\\\/sanesoluti.com.br\\\/produto\\\/geofone-digital-eco150\\\/#breadcrumb\"},\"inLanguage\":\"es\",\"potentialAction\":[{\"@type\":\"ReadAction\",\"target\":[\"https:\\\/\\\/sanesoluti.com.br\\\/produto\\\/geofone-digital-eco150\\\/\"]}]},{\"@type\":\"ImageObject\",\"inLanguage\":\"es\",\"@id\":\"https:\\\/\\\/sanesoluti.com.br\\\/produto\\\/geofone-digital-eco150\\\/#primaryimage\",\"url\":\"https:\\\/\\\/sanesoluti.com.br\\\/wp-content\\\/uploads\\\/2024\\\/10\\\/ECO150.png\",\"contentUrl\":\"https:\\\/\\\/sanesoluti.com.br\\\/wp-content\\\/uploads\\\/2024\\\/10\\\/ECO150.png\",\"width\":3000,\"height\":4000,\"caption\":\"ECO\"},{\"@type\":\"BreadcrumbList\",\"@id\":\"https:\\\/\\\/sanesoluti.com.br\\\/produto\\\/geofone-digital-eco150\\\/#breadcrumb\",\"itemListElement\":[{\"@type\":\"ListItem\",\"position\":1,\"name\":\"Loja Online\",\"item\":\"https:\\\/\\\/sanesoluti.com.br\\\/loja-online\\\/\"},{\"@type\":\"ListItem\",\"position\":2,\"name\":\"Geofone Digital &#8211; ECO150\"}]},{\"@type\":\"WebSite\",\"@id\":\"https:\\\/\\\/sanesoluti.com.br\\\/#website\",\"url\":\"https:\\\/\\\/sanesoluti.com.br\\\/\",\"name\":\"Sanesoluti\",\"description\":\"\",\"publisher\":{\"@id\":\"https:\\\/\\\/sanesoluti.com.br\\\/#organization\"},\"potentialAction\":[{\"@type\":\"SearchAction\",\"target\":{\"@type\":\"EntryPoint\",\"urlTemplate\":\"https:\\\/\\\/sanesoluti.com.br\\\/?s={search_term_string}\"},\"query-input\":{\"@type\":\"PropertyValueSpecification\",\"valueRequired\":true,\"valueName\":\"search_term_string\"}}],\"inLanguage\":\"es\"},{\"@type\":\"Organization\",\"@id\":\"https:\\\/\\\/sanesoluti.com.br\\\/#organization\",\"name\":\"Sanesoluti\",\"url\":\"https:\\\/\\\/sanesoluti.com.br\\\/\",\"logo\":{\"@type\":\"ImageObject\",\"inLanguage\":\"es\",\"@id\":\"https:\\\/\\\/sanesoluti.com.br\\\/#\\\/schema\\\/logo\\\/image\\\/\",\"url\":\"https:\\\/\\\/sanesoluti.com.br\\\/wp-content\\\/uploads\\\/2020\\\/02\\\/Logo-Sane-soluti.svg\",\"contentUrl\":\"https:\\\/\\\/sanesoluti.com.br\\\/wp-content\\\/uploads\\\/2020\\\/02\\\/Logo-Sane-soluti.svg\",\"width\":224,\"height\":36,\"caption\":\"Sanesoluti\"},\"image\":{\"@id\":\"https:\\\/\\\/sanesoluti.com.br\\\/#\\\/schema\\\/logo\\\/image\\\/\"}}]}<\/script>\n<!-- \/ Yoast SEO plugin. -->","yoast_head_json":{"title":"Geofone Digital - ECO150 - Sanesoluti","robots":{"index":"index","follow":"follow","max-snippet":"max-snippet:-1","max-image-preview":"max-image-preview:large","max-video-preview":"max-video-preview:-1"},"canonical":"https:\/\/sanesoluti.com.br\/es\/producto\/geofone-digital-eco150\/","og_locale":"es_ES","og_type":"article","og_title":"Geofone Digital - ECO150 - Sanesoluti","og_description":"O ECO150 \u00e9 um equipamento ac\u00fastico, destinado a captar ru\u00eddos e transmiti-los ao operador, atrav\u00e9s do fone de ouvido. Sendo utilizado como ferramenta para localizar vazamentos n\u00e3o vis\u00edveis em tubula\u00e7\u00f5es enterradas, que conduzem \u00e1gua sob press\u00e3o. Por ser Digital, possu\u00ed sistema de Combina\u00e7\u00e3o de filtros selecion\u00e1veis infinitos, que possibilita ampliar apenas as frequ\u00eancias de ru\u00eddos [&hellip;]","og_url":"https:\/\/sanesoluti.com.br\/es\/producto\/geofone-digital-eco150\/","og_site_name":"Sanesoluti","article_modified_time":"2025-09-17T18:55:16+00:00","og_image":[{"width":768,"height":1024,"url":"https:\/\/sanesoluti.com.br\/wp-content\/uploads\/2024\/10\/ECO150-768x1024.png","type":"image\/png"}],"twitter_card":"summary_large_image","twitter_misc":{"Tiempo de lectura":"1 minuto"},"schema":{"@context":"https:\/\/schema.org","@graph":[{"@type":"WebPage","@id":"https:\/\/sanesoluti.com.br\/produto\/geofone-digital-eco150\/","url":"https:\/\/sanesoluti.com.br\/produto\/geofone-digital-eco150\/","name":"Geofone Digital - ECO150 - Sanesoluti","isPartOf":{"@id":"https:\/\/sanesoluti.com.br\/#website"},"primaryImageOfPage":{"@id":"https:\/\/sanesoluti.com.br\/produto\/geofone-digital-eco150\/#primaryimage"},"image":{"@id":"https:\/\/sanesoluti.com.br\/produto\/geofone-digital-eco150\/#primaryimage"},"thumbnailUrl":"https:\/\/sanesoluti.com.br\/wp-content\/uploads\/2024\/10\/ECO150.png","datePublished":"2024-10-17T13:25:30+00:00","dateModified":"2025-09-17T18:55:16+00:00","breadcrumb":{"@id":"https:\/\/sanesoluti.com.br\/produto\/geofone-digital-eco150\/#breadcrumb"},"inLanguage":"es","potentialAction":[{"@type":"ReadAction","target":["https:\/\/sanesoluti.com.br\/produto\/geofone-digital-eco150\/"]}]},{"@type":"ImageObject","inLanguage":"es","@id":"https:\/\/sanesoluti.com.br\/produto\/geofone-digital-eco150\/#primaryimage","url":"https:\/\/sanesoluti.com.br\/wp-content\/uploads\/2024\/10\/ECO150.png","contentUrl":"https:\/\/sanesoluti.com.br\/wp-content\/uploads\/2024\/10\/ECO150.png","width":3000,"height":4000,"caption":"ECO"},{"@type":"BreadcrumbList","@id":"https:\/\/sanesoluti.com.br\/produto\/geofone-digital-eco150\/#breadcrumb","itemListElement":[{"@type":"ListItem","position":1,"name":"Loja Online","item":"https:\/\/sanesoluti.com.br\/loja-online\/"},{"@type":"ListItem","position":2,"name":"Geofone Digital &#8211; ECO150"}]},{"@type":"WebSite","@id":"https:\/\/sanesoluti.com.br\/#website","url":"https:\/\/sanesoluti.com.br\/","name":"Sanesoluti","description":"","publisher":{"@id":"https:\/\/sanesoluti.com.br\/#organization"},"potentialAction":[{"@type":"SearchAction","target":{"@type":"EntryPoint","urlTemplate":"https:\/\/sanesoluti.com.br\/?s={search_term_string}"},"query-input":{"@type":"PropertyValueSpecification","valueRequired":true,"valueName":"search_term_string"}}],"inLanguage":"es"},{"@type":"Organization","@id":"https:\/\/sanesoluti.com.br\/#organization","name":"Sanesoluti","url":"https:\/\/sanesoluti.com.br\/","logo":{"@type":"ImageObject","inLanguage":"es","@id":"https:\/\/sanesoluti.com.br\/#\/schema\/logo\/image\/","url":"https:\/\/sanesoluti.com.br\/wp-content\/uploads\/2020\/02\/Logo-Sane-soluti.svg","contentUrl":"https:\/\/sanesoluti.com.br\/wp-content\/uploads\/2020\/02\/Logo-Sane-soluti.svg","width":224,"height":36,"caption":"Sanesoluti"},"image":{"@id":"https:\/\/sanesoluti.com.br\/#\/schema\/logo\/image\/"}}]}},"_links":{"self":[{"href":"https:\/\/sanesoluti.com.br\/es\/wp-json\/wp\/v2\/product\/1701","targetHints":{"allow":["GET"]}}],"collection":[{"href":"https:\/\/sanesoluti.com.br\/es\/wp-json\/wp\/v2\/product"}],"about":[{"href":"https:\/\/sanesoluti.com.br\/es\/wp-json\/wp\/v2\/types\/product"}],"wp:featuredmedia":[{"embeddable":true,"href":"https:\/\/sanesoluti.com.br\/es\/wp-json\/wp\/v2\/media\/1734"}],"wp:attachment":[{"href":"https:\/\/sanesoluti.com.br\/es\/wp-json\/wp\/v2\/media?parent=1701"}],"wp:term":[{"taxonomy":"product_brand","embeddable":true,"href":"https:\/\/sanesoluti.com.br\/es\/wp-json\/wp\/v2\/product_brand?post=1701"},{"taxonomy":"product_cat","embeddable":true,"href":"https:\/\/sanesoluti.com.br\/es\/wp-json\/wp\/v2\/product_cat?post=1701"},{"taxonomy":"product_tag","embeddable":true,"href":"https:\/\/sanesoluti.com.br\/es\/wp-json\/wp\/v2\/product_tag?post=1701"},{"taxonomy":"proposito","embeddable":true,"href":"https:\/\/sanesoluti.com.br\/es\/wp-json\/wp\/v2\/proposito?post=1701"}],"curies":[{"name":"wp","href":"https:\/\/api.w.org\/{rel}","templated":true}]}}