{"id":1715,"date":"2024-10-17T11:51:57","date_gmt":"2024-10-17T14:51:57","guid":{"rendered":"https:\/\/sanesoluti.com.br\/?post_type=product&#038;p=1715"},"modified":"2025-09-17T15:57:45","modified_gmt":"2025-09-17T18:57:45","slug":"medidor-de-vazao-eletromagnetico-de-insercao-ecomag-i","status":"publish","type":"product","link":"https:\/\/sanesoluti.com.br\/en\/product\/medidor-de-vazao-eletromagnetico-de-insercao-ecomag-i\/","title":{"rendered":"Insertion Electromagnetic Flow Meter \u2013 Ecomag-I"},"content":{"rendered":"<p>O Medidor de Vaz\u00e3o Eletromagn\u00e9tico de Inser\u00e7\u00e3o da Sanesoluti oferece uma solu\u00e7\u00e3o precisa e confi\u00e1vel para a medi\u00e7\u00e3o de fluxo em redes de saneamento e distribui\u00e7\u00e3o de \u00e1gua.<br \/>\nIdeal para tubula\u00e7\u00f5es de grande di\u00e2metro, este modelo combina tecnologia de medi\u00e7\u00e3o avan\u00e7ada com uma instala\u00e7\u00e3o simples e de baixa interfer\u00eancia no sistema. Sua tecnologia eletromagn\u00e9tica garante leituras precisas, independentemente da condutividade ou da press\u00e3o do fluido.<\/p>","protected":false},"excerpt":{"rendered":"<p>O Medidor de Vaz\u00e3o Eletromagn\u00e9tico de Inser\u00e7\u00e3o da Sanesoluti oferece uma solu\u00e7\u00e3o precisa e confi\u00e1vel para a medi\u00e7\u00e3o de fluxo em redes de saneamento e distribui\u00e7\u00e3o de \u00e1gua. Ideal para tubula\u00e7\u00f5es de grande di\u00e2metro, este modelo combina tecnologia de medi\u00e7\u00e3o avan\u00e7ada com uma instala\u00e7\u00e3o simples e de baixa interfer\u00eancia no sistema. Sua tecnologia eletromagn\u00e9tica garante [&hellip;]<\/p>","protected":false},"featured_media":1754,"template":"","meta":[],"product_brand":[],"product_cat":[30],"product_tag":[],"proposito":[35],"class_list":{"0":"post-1715","1":"product","2":"type-product","3":"status-publish","4":"has-post-thumbnail","6":"product_cat-medidores-de-volume-vazao","7":"proposito-orcamento","9":"first","10":"onbackorder","11":"virtual","12":"product-type-simple"},"yoast_head":"<!-- This site is optimized with the Yoast SEO plugin v27.3 - https:\/\/yoast.com\/product\/yoast-seo-wordpress\/ -->\n<title>Medidor de Vaz\u00e3o Eletromagn\u00e9tico de Inser\u00e7\u00e3o - Ecomag-I - Sanesoluti<\/title>\n<meta name=\"robots\" content=\"index, follow, max-snippet:-1, max-image-preview:large, max-video-preview:-1\" \/>\n<link rel=\"canonical\" href=\"https:\/\/sanesoluti.com.br\/en\/product\/medidor-de-vazao-eletromagnetico-de-insercao-ecomag-i\/\" \/>\n<meta property=\"og:locale\" content=\"en_US\" \/>\n<meta property=\"og:type\" content=\"article\" \/>\n<meta property=\"og:title\" content=\"Medidor de Vaz\u00e3o Eletromagn\u00e9tico de Inser\u00e7\u00e3o - Ecomag-I - Sanesoluti\" \/>\n<meta property=\"og:description\" content=\"O Medidor de Vaz\u00e3o Eletromagn\u00e9tico de Inser\u00e7\u00e3o da Sanesoluti oferece uma solu\u00e7\u00e3o precisa e confi\u00e1vel para a medi\u00e7\u00e3o de fluxo em redes de saneamento e distribui\u00e7\u00e3o de \u00e1gua. Ideal para tubula\u00e7\u00f5es de grande di\u00e2metro, este modelo combina tecnologia de medi\u00e7\u00e3o avan\u00e7ada com uma instala\u00e7\u00e3o simples e de baixa interfer\u00eancia no sistema. Sua tecnologia eletromagn\u00e9tica garante [&hellip;]\" \/>\n<meta property=\"og:url\" content=\"https:\/\/sanesoluti.com.br\/en\/product\/medidor-de-vazao-eletromagnetico-de-insercao-ecomag-i\/\" \/>\n<meta property=\"og:site_name\" content=\"Sanesoluti\" \/>\n<meta property=\"article:modified_time\" content=\"2025-09-17T18:57:45+00:00\" \/>\n<meta property=\"og:image\" content=\"https:\/\/sanesoluti.com.br\/wp-content\/uploads\/2024\/10\/Insercao.jpg\" \/>\n\t<meta property=\"og:image:width\" content=\"670\" \/>\n\t<meta property=\"og:image:height\" content=\"663\" \/>\n\t<meta property=\"og:image:type\" content=\"image\/jpeg\" \/>\n<meta name=\"twitter:card\" content=\"summary_large_image\" \/>\n<meta name=\"twitter:label1\" content=\"Est. reading time\" \/>\n\t<meta name=\"twitter:data1\" content=\"1 minute\" \/>\n<script type=\"application\/ld+json\" class=\"yoast-schema-graph\">{\"@context\":\"https:\\\/\\\/schema.org\",\"@graph\":[{\"@type\":\"WebPage\",\"@id\":\"https:\\\/\\\/sanesoluti.com.br\\\/produto\\\/medidor-de-vazao-eletromagnetico-de-insercao-ecomag-i\\\/\",\"url\":\"https:\\\/\\\/sanesoluti.com.br\\\/produto\\\/medidor-de-vazao-eletromagnetico-de-insercao-ecomag-i\\\/\",\"name\":\"Medidor de Vaz\u00e3o Eletromagn\u00e9tico de Inser\u00e7\u00e3o - Ecomag-I - Sanesoluti\",\"isPartOf\":{\"@id\":\"https:\\\/\\\/sanesoluti.com.br\\\/#website\"},\"primaryImageOfPage\":{\"@id\":\"https:\\\/\\\/sanesoluti.com.br\\\/produto\\\/medidor-de-vazao-eletromagnetico-de-insercao-ecomag-i\\\/#primaryimage\"},\"image\":{\"@id\":\"https:\\\/\\\/sanesoluti.com.br\\\/produto\\\/medidor-de-vazao-eletromagnetico-de-insercao-ecomag-i\\\/#primaryimage\"},\"thumbnailUrl\":\"https:\\\/\\\/sanesoluti.com.br\\\/wp-content\\\/uploads\\\/2024\\\/10\\\/Insercao.jpg\",\"datePublished\":\"2024-10-17T14:51:57+00:00\",\"dateModified\":\"2025-09-17T18:57:45+00:00\",\"breadcrumb\":{\"@id\":\"https:\\\/\\\/sanesoluti.com.br\\\/produto\\\/medidor-de-vazao-eletromagnetico-de-insercao-ecomag-i\\\/#breadcrumb\"},\"inLanguage\":\"en-US\",\"potentialAction\":[{\"@type\":\"ReadAction\",\"target\":[\"https:\\\/\\\/sanesoluti.com.br\\\/produto\\\/medidor-de-vazao-eletromagnetico-de-insercao-ecomag-i\\\/\"]}]},{\"@type\":\"ImageObject\",\"inLanguage\":\"en-US\",\"@id\":\"https:\\\/\\\/sanesoluti.com.br\\\/produto\\\/medidor-de-vazao-eletromagnetico-de-insercao-ecomag-i\\\/#primaryimage\",\"url\":\"https:\\\/\\\/sanesoluti.com.br\\\/wp-content\\\/uploads\\\/2024\\\/10\\\/Insercao.jpg\",\"contentUrl\":\"https:\\\/\\\/sanesoluti.com.br\\\/wp-content\\\/uploads\\\/2024\\\/10\\\/Insercao.jpg\",\"width\":670,\"height\":663,\"caption\":\"Inser\u00e7\u00e3o\"},{\"@type\":\"BreadcrumbList\",\"@id\":\"https:\\\/\\\/sanesoluti.com.br\\\/produto\\\/medidor-de-vazao-eletromagnetico-de-insercao-ecomag-i\\\/#breadcrumb\",\"itemListElement\":[{\"@type\":\"ListItem\",\"position\":1,\"name\":\"Loja Online\",\"item\":\"https:\\\/\\\/sanesoluti.com.br\\\/loja-online\\\/\"},{\"@type\":\"ListItem\",\"position\":2,\"name\":\"Medidor de Vaz\u00e3o Eletromagn\u00e9tico de Inser\u00e7\u00e3o &#8211; Ecomag-I\"}]},{\"@type\":\"WebSite\",\"@id\":\"https:\\\/\\\/sanesoluti.com.br\\\/#website\",\"url\":\"https:\\\/\\\/sanesoluti.com.br\\\/\",\"name\":\"Sanesoluti\",\"description\":\"\",\"publisher\":{\"@id\":\"https:\\\/\\\/sanesoluti.com.br\\\/#organization\"},\"potentialAction\":[{\"@type\":\"SearchAction\",\"target\":{\"@type\":\"EntryPoint\",\"urlTemplate\":\"https:\\\/\\\/sanesoluti.com.br\\\/?s={search_term_string}\"},\"query-input\":{\"@type\":\"PropertyValueSpecification\",\"valueRequired\":true,\"valueName\":\"search_term_string\"}}],\"inLanguage\":\"en-US\"},{\"@type\":\"Organization\",\"@id\":\"https:\\\/\\\/sanesoluti.com.br\\\/#organization\",\"name\":\"Sanesoluti\",\"url\":\"https:\\\/\\\/sanesoluti.com.br\\\/\",\"logo\":{\"@type\":\"ImageObject\",\"inLanguage\":\"en-US\",\"@id\":\"https:\\\/\\\/sanesoluti.com.br\\\/#\\\/schema\\\/logo\\\/image\\\/\",\"url\":\"https:\\\/\\\/sanesoluti.com.br\\\/wp-content\\\/uploads\\\/2020\\\/02\\\/Logo-Sane-soluti.svg\",\"contentUrl\":\"https:\\\/\\\/sanesoluti.com.br\\\/wp-content\\\/uploads\\\/2020\\\/02\\\/Logo-Sane-soluti.svg\",\"width\":224,\"height\":36,\"caption\":\"Sanesoluti\"},\"image\":{\"@id\":\"https:\\\/\\\/sanesoluti.com.br\\\/#\\\/schema\\\/logo\\\/image\\\/\"}}]}<\/script>\n<!-- \/ Yoast SEO plugin. -->","yoast_head_json":{"title":"Medidor de Vaz\u00e3o Eletromagn\u00e9tico de Inser\u00e7\u00e3o - Ecomag-I - Sanesoluti","robots":{"index":"index","follow":"follow","max-snippet":"max-snippet:-1","max-image-preview":"max-image-preview:large","max-video-preview":"max-video-preview:-1"},"canonical":"https:\/\/sanesoluti.com.br\/en\/product\/medidor-de-vazao-eletromagnetico-de-insercao-ecomag-i\/","og_locale":"en_US","og_type":"article","og_title":"Medidor de Vaz\u00e3o Eletromagn\u00e9tico de Inser\u00e7\u00e3o - Ecomag-I - Sanesoluti","og_description":"O Medidor de Vaz\u00e3o Eletromagn\u00e9tico de Inser\u00e7\u00e3o da Sanesoluti oferece uma solu\u00e7\u00e3o precisa e confi\u00e1vel para a medi\u00e7\u00e3o de fluxo em redes de saneamento e distribui\u00e7\u00e3o de \u00e1gua. Ideal para tubula\u00e7\u00f5es de grande di\u00e2metro, este modelo combina tecnologia de medi\u00e7\u00e3o avan\u00e7ada com uma instala\u00e7\u00e3o simples e de baixa interfer\u00eancia no sistema. Sua tecnologia eletromagn\u00e9tica garante [&hellip;]","og_url":"https:\/\/sanesoluti.com.br\/en\/product\/medidor-de-vazao-eletromagnetico-de-insercao-ecomag-i\/","og_site_name":"Sanesoluti","article_modified_time":"2025-09-17T18:57:45+00:00","og_image":[{"width":670,"height":663,"url":"https:\/\/sanesoluti.com.br\/wp-content\/uploads\/2024\/10\/Insercao.jpg","type":"image\/jpeg"}],"twitter_card":"summary_large_image","twitter_misc":{"Est. reading time":"1 minute"},"schema":{"@context":"https:\/\/schema.org","@graph":[{"@type":"WebPage","@id":"https:\/\/sanesoluti.com.br\/produto\/medidor-de-vazao-eletromagnetico-de-insercao-ecomag-i\/","url":"https:\/\/sanesoluti.com.br\/produto\/medidor-de-vazao-eletromagnetico-de-insercao-ecomag-i\/","name":"Medidor de Vaz\u00e3o Eletromagn\u00e9tico de Inser\u00e7\u00e3o - Ecomag-I - Sanesoluti","isPartOf":{"@id":"https:\/\/sanesoluti.com.br\/#website"},"primaryImageOfPage":{"@id":"https:\/\/sanesoluti.com.br\/produto\/medidor-de-vazao-eletromagnetico-de-insercao-ecomag-i\/#primaryimage"},"image":{"@id":"https:\/\/sanesoluti.com.br\/produto\/medidor-de-vazao-eletromagnetico-de-insercao-ecomag-i\/#primaryimage"},"thumbnailUrl":"https:\/\/sanesoluti.com.br\/wp-content\/uploads\/2024\/10\/Insercao.jpg","datePublished":"2024-10-17T14:51:57+00:00","dateModified":"2025-09-17T18:57:45+00:00","breadcrumb":{"@id":"https:\/\/sanesoluti.com.br\/produto\/medidor-de-vazao-eletromagnetico-de-insercao-ecomag-i\/#breadcrumb"},"inLanguage":"en-US","potentialAction":[{"@type":"ReadAction","target":["https:\/\/sanesoluti.com.br\/produto\/medidor-de-vazao-eletromagnetico-de-insercao-ecomag-i\/"]}]},{"@type":"ImageObject","inLanguage":"en-US","@id":"https:\/\/sanesoluti.com.br\/produto\/medidor-de-vazao-eletromagnetico-de-insercao-ecomag-i\/#primaryimage","url":"https:\/\/sanesoluti.com.br\/wp-content\/uploads\/2024\/10\/Insercao.jpg","contentUrl":"https:\/\/sanesoluti.com.br\/wp-content\/uploads\/2024\/10\/Insercao.jpg","width":670,"height":663,"caption":"Inser\u00e7\u00e3o"},{"@type":"BreadcrumbList","@id":"https:\/\/sanesoluti.com.br\/produto\/medidor-de-vazao-eletromagnetico-de-insercao-ecomag-i\/#breadcrumb","itemListElement":[{"@type":"ListItem","position":1,"name":"Loja Online","item":"https:\/\/sanesoluti.com.br\/loja-online\/"},{"@type":"ListItem","position":2,"name":"Medidor de Vaz\u00e3o Eletromagn\u00e9tico de Inser\u00e7\u00e3o &#8211; Ecomag-I"}]},{"@type":"WebSite","@id":"https:\/\/sanesoluti.com.br\/#website","url":"https:\/\/sanesoluti.com.br\/","name":"Sanesoluti","description":"","publisher":{"@id":"https:\/\/sanesoluti.com.br\/#organization"},"potentialAction":[{"@type":"SearchAction","target":{"@type":"EntryPoint","urlTemplate":"https:\/\/sanesoluti.com.br\/?s={search_term_string}"},"query-input":{"@type":"PropertyValueSpecification","valueRequired":true,"valueName":"search_term_string"}}],"inLanguage":"en-US"},{"@type":"Organization","@id":"https:\/\/sanesoluti.com.br\/#organization","name":"Sanesoluti","url":"https:\/\/sanesoluti.com.br\/","logo":{"@type":"ImageObject","inLanguage":"en-US","@id":"https:\/\/sanesoluti.com.br\/#\/schema\/logo\/image\/","url":"https:\/\/sanesoluti.com.br\/wp-content\/uploads\/2020\/02\/Logo-Sane-soluti.svg","contentUrl":"https:\/\/sanesoluti.com.br\/wp-content\/uploads\/2020\/02\/Logo-Sane-soluti.svg","width":224,"height":36,"caption":"Sanesoluti"},"image":{"@id":"https:\/\/sanesoluti.com.br\/#\/schema\/logo\/image\/"}}]}},"_links":{"self":[{"href":"https:\/\/sanesoluti.com.br\/en\/wp-json\/wp\/v2\/product\/1715","targetHints":{"allow":["GET"]}}],"collection":[{"href":"https:\/\/sanesoluti.com.br\/en\/wp-json\/wp\/v2\/product"}],"about":[{"href":"https:\/\/sanesoluti.com.br\/en\/wp-json\/wp\/v2\/types\/product"}],"wp:featuredmedia":[{"embeddable":true,"href":"https:\/\/sanesoluti.com.br\/en\/wp-json\/wp\/v2\/media\/1754"}],"wp:attachment":[{"href":"https:\/\/sanesoluti.com.br\/en\/wp-json\/wp\/v2\/media?parent=1715"}],"wp:term":[{"taxonomy":"product_brand","embeddable":true,"href":"https:\/\/sanesoluti.com.br\/en\/wp-json\/wp\/v2\/product_brand?post=1715"},{"taxonomy":"product_cat","embeddable":true,"href":"https:\/\/sanesoluti.com.br\/en\/wp-json\/wp\/v2\/product_cat?post=1715"},{"taxonomy":"product_tag","embeddable":true,"href":"https:\/\/sanesoluti.com.br\/en\/wp-json\/wp\/v2\/product_tag?post=1715"},{"taxonomy":"proposito","embeddable":true,"href":"https:\/\/sanesoluti.com.br\/en\/wp-json\/wp\/v2\/proposito?post=1715"}],"curies":[{"name":"wp","href":"https:\/\/api.w.org\/{rel}","templated":true}]}}