{"id":1712,"date":"2024-10-17T11:46:39","date_gmt":"2024-10-17T14:46:39","guid":{"rendered":"https:\/\/sanesoluti.com.br\/?post_type=product&#038;p=1712"},"modified":"2025-09-17T15:55:16","modified_gmt":"2025-09-17T18:55:16","slug":"medidor-de-volume-vazao-ultrassonico-carretel-a-bateria-r500-ultramag","status":"publish","type":"product","link":"https:\/\/sanesoluti.com.br\/en\/product\/medidor-de-volume-vazao-ultrassonico-carretel-a-bateria-r500-ultramag\/","title":{"rendered":"Battery Flanged Ultrasonic Flowmeter R500 \u2013 Ultramag"},"content":{"rendered":"<p>A Sanesoluti traz ao mercado nacional o medidor de volume\/vaz\u00e3o ultrass\u00f4nico, a \u00faltima inova\u00e7\u00e3o em tecnologia de medi\u00e7\u00e3o de l\u00edquidos. Este medidor oferece uma combina\u00e7\u00e3o imbat\u00edvel de pre\u00e7o competitivo com os medidores<br \/>\nWoltmann e tecnologia similar aos medidores de vaz\u00e3o eletromagn\u00e9ticos de carretel.<br \/>\nFabricado com alta precis\u00e3o, garante medi\u00e7\u00f5es exatas em \u00e1gua tratada, com processos de fabrica\u00e7\u00e3o de ponta e testes rigorosos. Ideal para projetos de redu\u00e7\u00e3o de perdas e aplica\u00e7\u00f5es em sa\u00eddas de reservat\u00f3rios, esta\u00e7\u00f5es de<br \/>\ntratamento e po\u00e7os artesianos, o medidor opera em condi\u00e7\u00f5es extremas de temperatura e press\u00e3o, e sua falta de partes m\u00f3veis assegura baixa manuten\u00e7\u00e3o.<\/p>","protected":false},"excerpt":{"rendered":"<p>A Sanesoluti traz ao mercado nacional o medidor de volume\/vaz\u00e3o ultrass\u00f4nico, a \u00faltima inova\u00e7\u00e3o em tecnologia de medi\u00e7\u00e3o de l\u00edquidos. Este medidor oferece uma combina\u00e7\u00e3o imbat\u00edvel de pre\u00e7o competitivo com os medidores Woltmann e tecnologia similar aos medidores de vaz\u00e3o eletromagn\u00e9ticos de carretel. Fabricado com alta precis\u00e3o, garante medi\u00e7\u00f5es exatas em \u00e1gua tratada, com processos [&hellip;]<\/p>","protected":false},"featured_media":1763,"template":"","meta":[],"product_brand":[],"product_cat":[30],"product_tag":[],"proposito":[35],"class_list":{"0":"post-1712","1":"product","2":"type-product","3":"status-publish","4":"has-post-thumbnail","6":"product_cat-medidores-de-volume-vazao","7":"proposito-orcamento","9":"first","10":"onbackorder","11":"virtual","12":"product-type-simple"},"yoast_head":"<!-- This site is optimized with the Yoast SEO plugin v27.3 - https:\/\/yoast.com\/product\/yoast-seo-wordpress\/ -->\n<title>Medidor de Volume\/Vaz\u00e3o Ultrass\u00f4nico Carretel a Bateria R500 - Ultramag - Sanesoluti<\/title>\n<meta name=\"robots\" content=\"index, follow, max-snippet:-1, max-image-preview:large, max-video-preview:-1\" \/>\n<link rel=\"canonical\" href=\"https:\/\/sanesoluti.com.br\/en\/product\/medidor-de-volume-vazao-ultrassonico-carretel-a-bateria-r500-ultramag\/\" \/>\n<meta property=\"og:locale\" content=\"en_US\" \/>\n<meta property=\"og:type\" content=\"article\" \/>\n<meta property=\"og:title\" content=\"Medidor de Volume\/Vaz\u00e3o Ultrass\u00f4nico Carretel a Bateria R500 - Ultramag - Sanesoluti\" \/>\n<meta property=\"og:description\" content=\"A Sanesoluti traz ao mercado nacional o medidor de volume\/vaz\u00e3o ultrass\u00f4nico, a \u00faltima inova\u00e7\u00e3o em tecnologia de medi\u00e7\u00e3o de l\u00edquidos. Este medidor oferece uma combina\u00e7\u00e3o imbat\u00edvel de pre\u00e7o competitivo com os medidores Woltmann e tecnologia similar aos medidores de vaz\u00e3o eletromagn\u00e9ticos de carretel. Fabricado com alta precis\u00e3o, garante medi\u00e7\u00f5es exatas em \u00e1gua tratada, com processos [&hellip;]\" \/>\n<meta property=\"og:url\" content=\"https:\/\/sanesoluti.com.br\/en\/product\/medidor-de-volume-vazao-ultrassonico-carretel-a-bateria-r500-ultramag\/\" \/>\n<meta property=\"og:site_name\" content=\"Sanesoluti\" \/>\n<meta property=\"article:modified_time\" content=\"2025-09-17T18:55:16+00:00\" \/>\n<meta property=\"og:image\" content=\"https:\/\/sanesoluti.com.br\/wp-content\/uploads\/2024\/10\/Ultramag-3.png\" \/>\n\t<meta property=\"og:image:width\" content=\"400\" \/>\n\t<meta property=\"og:image:height\" content=\"300\" \/>\n\t<meta property=\"og:image:type\" content=\"image\/png\" \/>\n<meta name=\"twitter:card\" content=\"summary_large_image\" \/>\n<meta name=\"twitter:label1\" content=\"Est. reading time\" \/>\n\t<meta name=\"twitter:data1\" content=\"1 minute\" \/>\n<script type=\"application\/ld+json\" class=\"yoast-schema-graph\">{\"@context\":\"https:\\\/\\\/schema.org\",\"@graph\":[{\"@type\":\"WebPage\",\"@id\":\"https:\\\/\\\/sanesoluti.com.br\\\/produto\\\/medidor-de-volume-vazao-ultrassonico-carretel-a-bateria-r500-ultramag\\\/\",\"url\":\"https:\\\/\\\/sanesoluti.com.br\\\/produto\\\/medidor-de-volume-vazao-ultrassonico-carretel-a-bateria-r500-ultramag\\\/\",\"name\":\"Medidor de Volume\\\/Vaz\u00e3o Ultrass\u00f4nico Carretel a Bateria R500 - Ultramag - Sanesoluti\",\"isPartOf\":{\"@id\":\"https:\\\/\\\/sanesoluti.com.br\\\/#website\"},\"primaryImageOfPage\":{\"@id\":\"https:\\\/\\\/sanesoluti.com.br\\\/produto\\\/medidor-de-volume-vazao-ultrassonico-carretel-a-bateria-r500-ultramag\\\/#primaryimage\"},\"image\":{\"@id\":\"https:\\\/\\\/sanesoluti.com.br\\\/produto\\\/medidor-de-volume-vazao-ultrassonico-carretel-a-bateria-r500-ultramag\\\/#primaryimage\"},\"thumbnailUrl\":\"https:\\\/\\\/sanesoluti.com.br\\\/wp-content\\\/uploads\\\/2024\\\/10\\\/Ultramag-3.png\",\"datePublished\":\"2024-10-17T14:46:39+00:00\",\"dateModified\":\"2025-09-17T18:55:16+00:00\",\"breadcrumb\":{\"@id\":\"https:\\\/\\\/sanesoluti.com.br\\\/produto\\\/medidor-de-volume-vazao-ultrassonico-carretel-a-bateria-r500-ultramag\\\/#breadcrumb\"},\"inLanguage\":\"en-US\",\"potentialAction\":[{\"@type\":\"ReadAction\",\"target\":[\"https:\\\/\\\/sanesoluti.com.br\\\/produto\\\/medidor-de-volume-vazao-ultrassonico-carretel-a-bateria-r500-ultramag\\\/\"]}]},{\"@type\":\"ImageObject\",\"inLanguage\":\"en-US\",\"@id\":\"https:\\\/\\\/sanesoluti.com.br\\\/produto\\\/medidor-de-volume-vazao-ultrassonico-carretel-a-bateria-r500-ultramag\\\/#primaryimage\",\"url\":\"https:\\\/\\\/sanesoluti.com.br\\\/wp-content\\\/uploads\\\/2024\\\/10\\\/Ultramag-3.png\",\"contentUrl\":\"https:\\\/\\\/sanesoluti.com.br\\\/wp-content\\\/uploads\\\/2024\\\/10\\\/Ultramag-3.png\",\"width\":400,\"height\":300,\"caption\":\"Ultramag\"},{\"@type\":\"BreadcrumbList\",\"@id\":\"https:\\\/\\\/sanesoluti.com.br\\\/produto\\\/medidor-de-volume-vazao-ultrassonico-carretel-a-bateria-r500-ultramag\\\/#breadcrumb\",\"itemListElement\":[{\"@type\":\"ListItem\",\"position\":1,\"name\":\"Loja Online\",\"item\":\"https:\\\/\\\/sanesoluti.com.br\\\/loja-online\\\/\"},{\"@type\":\"ListItem\",\"position\":2,\"name\":\"Medidor de Volume\\\/Vaz\u00e3o Ultrass\u00f4nico Carretel a Bateria R500 &#8211; Ultramag\"}]},{\"@type\":\"WebSite\",\"@id\":\"https:\\\/\\\/sanesoluti.com.br\\\/#website\",\"url\":\"https:\\\/\\\/sanesoluti.com.br\\\/\",\"name\":\"Sanesoluti\",\"description\":\"\",\"publisher\":{\"@id\":\"https:\\\/\\\/sanesoluti.com.br\\\/#organization\"},\"potentialAction\":[{\"@type\":\"SearchAction\",\"target\":{\"@type\":\"EntryPoint\",\"urlTemplate\":\"https:\\\/\\\/sanesoluti.com.br\\\/?s={search_term_string}\"},\"query-input\":{\"@type\":\"PropertyValueSpecification\",\"valueRequired\":true,\"valueName\":\"search_term_string\"}}],\"inLanguage\":\"en-US\"},{\"@type\":\"Organization\",\"@id\":\"https:\\\/\\\/sanesoluti.com.br\\\/#organization\",\"name\":\"Sanesoluti\",\"url\":\"https:\\\/\\\/sanesoluti.com.br\\\/\",\"logo\":{\"@type\":\"ImageObject\",\"inLanguage\":\"en-US\",\"@id\":\"https:\\\/\\\/sanesoluti.com.br\\\/#\\\/schema\\\/logo\\\/image\\\/\",\"url\":\"https:\\\/\\\/sanesoluti.com.br\\\/wp-content\\\/uploads\\\/2020\\\/02\\\/Logo-Sane-soluti.svg\",\"contentUrl\":\"https:\\\/\\\/sanesoluti.com.br\\\/wp-content\\\/uploads\\\/2020\\\/02\\\/Logo-Sane-soluti.svg\",\"width\":224,\"height\":36,\"caption\":\"Sanesoluti\"},\"image\":{\"@id\":\"https:\\\/\\\/sanesoluti.com.br\\\/#\\\/schema\\\/logo\\\/image\\\/\"}}]}<\/script>\n<!-- \/ Yoast SEO plugin. -->","yoast_head_json":{"title":"Medidor de Volume\/Vaz\u00e3o Ultrass\u00f4nico Carretel a Bateria R500 - Ultramag - Sanesoluti","robots":{"index":"index","follow":"follow","max-snippet":"max-snippet:-1","max-image-preview":"max-image-preview:large","max-video-preview":"max-video-preview:-1"},"canonical":"https:\/\/sanesoluti.com.br\/en\/product\/medidor-de-volume-vazao-ultrassonico-carretel-a-bateria-r500-ultramag\/","og_locale":"en_US","og_type":"article","og_title":"Medidor de Volume\/Vaz\u00e3o Ultrass\u00f4nico Carretel a Bateria R500 - Ultramag - Sanesoluti","og_description":"A Sanesoluti traz ao mercado nacional o medidor de volume\/vaz\u00e3o ultrass\u00f4nico, a \u00faltima inova\u00e7\u00e3o em tecnologia de medi\u00e7\u00e3o de l\u00edquidos. Este medidor oferece uma combina\u00e7\u00e3o imbat\u00edvel de pre\u00e7o competitivo com os medidores Woltmann e tecnologia similar aos medidores de vaz\u00e3o eletromagn\u00e9ticos de carretel. Fabricado com alta precis\u00e3o, garante medi\u00e7\u00f5es exatas em \u00e1gua tratada, com processos [&hellip;]","og_url":"https:\/\/sanesoluti.com.br\/en\/product\/medidor-de-volume-vazao-ultrassonico-carretel-a-bateria-r500-ultramag\/","og_site_name":"Sanesoluti","article_modified_time":"2025-09-17T18:55:16+00:00","og_image":[{"width":400,"height":300,"url":"https:\/\/sanesoluti.com.br\/wp-content\/uploads\/2024\/10\/Ultramag-3.png","type":"image\/png"}],"twitter_card":"summary_large_image","twitter_misc":{"Est. reading time":"1 minute"},"schema":{"@context":"https:\/\/schema.org","@graph":[{"@type":"WebPage","@id":"https:\/\/sanesoluti.com.br\/produto\/medidor-de-volume-vazao-ultrassonico-carretel-a-bateria-r500-ultramag\/","url":"https:\/\/sanesoluti.com.br\/produto\/medidor-de-volume-vazao-ultrassonico-carretel-a-bateria-r500-ultramag\/","name":"Medidor de Volume\/Vaz\u00e3o Ultrass\u00f4nico Carretel a Bateria R500 - Ultramag - Sanesoluti","isPartOf":{"@id":"https:\/\/sanesoluti.com.br\/#website"},"primaryImageOfPage":{"@id":"https:\/\/sanesoluti.com.br\/produto\/medidor-de-volume-vazao-ultrassonico-carretel-a-bateria-r500-ultramag\/#primaryimage"},"image":{"@id":"https:\/\/sanesoluti.com.br\/produto\/medidor-de-volume-vazao-ultrassonico-carretel-a-bateria-r500-ultramag\/#primaryimage"},"thumbnailUrl":"https:\/\/sanesoluti.com.br\/wp-content\/uploads\/2024\/10\/Ultramag-3.png","datePublished":"2024-10-17T14:46:39+00:00","dateModified":"2025-09-17T18:55:16+00:00","breadcrumb":{"@id":"https:\/\/sanesoluti.com.br\/produto\/medidor-de-volume-vazao-ultrassonico-carretel-a-bateria-r500-ultramag\/#breadcrumb"},"inLanguage":"en-US","potentialAction":[{"@type":"ReadAction","target":["https:\/\/sanesoluti.com.br\/produto\/medidor-de-volume-vazao-ultrassonico-carretel-a-bateria-r500-ultramag\/"]}]},{"@type":"ImageObject","inLanguage":"en-US","@id":"https:\/\/sanesoluti.com.br\/produto\/medidor-de-volume-vazao-ultrassonico-carretel-a-bateria-r500-ultramag\/#primaryimage","url":"https:\/\/sanesoluti.com.br\/wp-content\/uploads\/2024\/10\/Ultramag-3.png","contentUrl":"https:\/\/sanesoluti.com.br\/wp-content\/uploads\/2024\/10\/Ultramag-3.png","width":400,"height":300,"caption":"Ultramag"},{"@type":"BreadcrumbList","@id":"https:\/\/sanesoluti.com.br\/produto\/medidor-de-volume-vazao-ultrassonico-carretel-a-bateria-r500-ultramag\/#breadcrumb","itemListElement":[{"@type":"ListItem","position":1,"name":"Loja Online","item":"https:\/\/sanesoluti.com.br\/loja-online\/"},{"@type":"ListItem","position":2,"name":"Medidor de Volume\/Vaz\u00e3o Ultrass\u00f4nico Carretel a Bateria R500 &#8211; Ultramag"}]},{"@type":"WebSite","@id":"https:\/\/sanesoluti.com.br\/#website","url":"https:\/\/sanesoluti.com.br\/","name":"Sanesoluti","description":"","publisher":{"@id":"https:\/\/sanesoluti.com.br\/#organization"},"potentialAction":[{"@type":"SearchAction","target":{"@type":"EntryPoint","urlTemplate":"https:\/\/sanesoluti.com.br\/?s={search_term_string}"},"query-input":{"@type":"PropertyValueSpecification","valueRequired":true,"valueName":"search_term_string"}}],"inLanguage":"en-US"},{"@type":"Organization","@id":"https:\/\/sanesoluti.com.br\/#organization","name":"Sanesoluti","url":"https:\/\/sanesoluti.com.br\/","logo":{"@type":"ImageObject","inLanguage":"en-US","@id":"https:\/\/sanesoluti.com.br\/#\/schema\/logo\/image\/","url":"https:\/\/sanesoluti.com.br\/wp-content\/uploads\/2020\/02\/Logo-Sane-soluti.svg","contentUrl":"https:\/\/sanesoluti.com.br\/wp-content\/uploads\/2020\/02\/Logo-Sane-soluti.svg","width":224,"height":36,"caption":"Sanesoluti"},"image":{"@id":"https:\/\/sanesoluti.com.br\/#\/schema\/logo\/image\/"}}]}},"_links":{"self":[{"href":"https:\/\/sanesoluti.com.br\/en\/wp-json\/wp\/v2\/product\/1712","targetHints":{"allow":["GET"]}}],"collection":[{"href":"https:\/\/sanesoluti.com.br\/en\/wp-json\/wp\/v2\/product"}],"about":[{"href":"https:\/\/sanesoluti.com.br\/en\/wp-json\/wp\/v2\/types\/product"}],"wp:featuredmedia":[{"embeddable":true,"href":"https:\/\/sanesoluti.com.br\/en\/wp-json\/wp\/v2\/media\/1763"}],"wp:attachment":[{"href":"https:\/\/sanesoluti.com.br\/en\/wp-json\/wp\/v2\/media?parent=1712"}],"wp:term":[{"taxonomy":"product_brand","embeddable":true,"href":"https:\/\/sanesoluti.com.br\/en\/wp-json\/wp\/v2\/product_brand?post=1712"},{"taxonomy":"product_cat","embeddable":true,"href":"https:\/\/sanesoluti.com.br\/en\/wp-json\/wp\/v2\/product_cat?post=1712"},{"taxonomy":"product_tag","embeddable":true,"href":"https:\/\/sanesoluti.com.br\/en\/wp-json\/wp\/v2\/product_tag?post=1712"},{"taxonomy":"proposito","embeddable":true,"href":"https:\/\/sanesoluti.com.br\/en\/wp-json\/wp\/v2\/proposito?post=1712"}],"curies":[{"name":"wp","href":"https:\/\/api.w.org\/{rel}","templated":true}]}}