{"id":1707,"date":"2024-10-17T11:34:20","date_gmt":"2024-10-17T14:34:20","guid":{"rendered":"https:\/\/sanesoluti.com.br\/?post_type=product&#038;p=1707"},"modified":"2025-09-17T15:55:16","modified_gmt":"2025-09-17T18:55:16","slug":"maleta-para-medicao-de-parametros-hidraulicos-ecologger-p","status":"publish","type":"product","link":"https:\/\/sanesoluti.com.br\/en\/product\/maleta-para-medicao-de-parametros-hidraulicos-ecologger-p\/","title":{"rendered":"Case for Measuring Hydraulic Parameters \u2013 Ecologger-P"},"content":{"rendered":"<p>A Maleta Port\u00e1til de Pitometria \u2013 Ecologger-P \u00e9 a ferramenta essencial para medi\u00e7\u00f5es precisas em campo. Ela registra simultaneamente press\u00e3o diferencial, vaz\u00e3o instant\u00e2nea, velocidade e volume, oferecendo uma vis\u00e3o<br \/>\nabrangente dos par\u00e2metros cr\u00edticos. Compacta e robusta, a Ecologger-P \u00e9 projetada para operar em condi\u00e7\u00f5es adversas e permite f\u00e1cil visualiza\u00e7\u00e3o dos dados em um display amplo.<br \/>\nTotalmente program\u00e1vel pelo teclado frontal, o Ecologger-P elimina a necessidade de computadores em campo, facilitando a configura\u00e7\u00e3o de intervalos de registro e unidades de medi\u00e7\u00e3o. Combinado com o tubo Pitot, \u00e9 ideal para o processo de pitometria e medi\u00e7\u00e3o de press\u00e3o, proporcionando um conjunto completo de dados para uma an\u00e1lise eficiente de fluidos como \u00e1gua e ar.<\/p>","protected":false},"excerpt":{"rendered":"<p>A Maleta Port\u00e1til de Pitometria \u2013 Ecologger-P \u00e9 a ferramenta essencial para medi\u00e7\u00f5es precisas em campo. Ela registra simultaneamente press\u00e3o diferencial, vaz\u00e3o instant\u00e2nea, velocidade e volume, oferecendo uma vis\u00e3o abrangente dos par\u00e2metros cr\u00edticos. Compacta e robusta, a Ecologger-P \u00e9 projetada para operar em condi\u00e7\u00f5es adversas e permite f\u00e1cil visualiza\u00e7\u00e3o dos dados em um display amplo. [&hellip;]<\/p>","protected":false},"featured_media":1768,"template":"","meta":[],"product_brand":[],"product_cat":[28],"product_tag":[],"proposito":[35],"class_list":{"0":"post-1707","1":"product","2":"type-product","3":"status-publish","4":"has-post-thumbnail","6":"product_cat-data-loggers-pitometria","7":"proposito-orcamento","9":"first","10":"onbackorder","11":"virtual","12":"product-type-simple"},"yoast_head":"<!-- This site is optimized with the Yoast SEO plugin v27.3 - https:\/\/yoast.com\/product\/yoast-seo-wordpress\/ -->\n<title>Maleta para Medi\u00e7\u00e3o de Par\u00e2metros Hidr\u00e1ulicos - Ecologger-P - Sanesoluti<\/title>\n<meta name=\"robots\" content=\"index, follow, max-snippet:-1, max-image-preview:large, max-video-preview:-1\" \/>\n<link rel=\"canonical\" href=\"https:\/\/sanesoluti.com.br\/en\/product\/maleta-para-medicao-de-parametros-hidraulicos-ecologger-p\/\" \/>\n<meta property=\"og:locale\" content=\"en_US\" \/>\n<meta property=\"og:type\" content=\"article\" \/>\n<meta property=\"og:title\" content=\"Maleta para Medi\u00e7\u00e3o de Par\u00e2metros Hidr\u00e1ulicos - Ecologger-P - Sanesoluti\" \/>\n<meta property=\"og:description\" content=\"A Maleta Port\u00e1til de Pitometria \u2013 Ecologger-P \u00e9 a ferramenta essencial para medi\u00e7\u00f5es precisas em campo. Ela registra simultaneamente press\u00e3o diferencial, vaz\u00e3o instant\u00e2nea, velocidade e volume, oferecendo uma vis\u00e3o abrangente dos par\u00e2metros cr\u00edticos. Compacta e robusta, a Ecologger-P \u00e9 projetada para operar em condi\u00e7\u00f5es adversas e permite f\u00e1cil visualiza\u00e7\u00e3o dos dados em um display amplo. [&hellip;]\" \/>\n<meta property=\"og:url\" content=\"https:\/\/sanesoluti.com.br\/en\/product\/maleta-para-medicao-de-parametros-hidraulicos-ecologger-p\/\" \/>\n<meta property=\"og:site_name\" content=\"Sanesoluti\" \/>\n<meta property=\"article:modified_time\" content=\"2025-09-17T18:55:16+00:00\" \/>\n<meta property=\"og:image\" content=\"https:\/\/sanesoluti.com.br\/wp-content\/uploads\/2024\/10\/ecologger-p.jpg\" \/>\n\t<meta property=\"og:image:width\" content=\"500\" \/>\n\t<meta property=\"og:image:height\" content=\"355\" \/>\n\t<meta property=\"og:image:type\" content=\"image\/jpeg\" \/>\n<meta name=\"twitter:card\" content=\"summary_large_image\" \/>\n<meta name=\"twitter:label1\" content=\"Est. reading time\" \/>\n\t<meta name=\"twitter:data1\" content=\"1 minute\" \/>\n<script type=\"application\/ld+json\" class=\"yoast-schema-graph\">{\"@context\":\"https:\\\/\\\/schema.org\",\"@graph\":[{\"@type\":\"WebPage\",\"@id\":\"https:\\\/\\\/sanesoluti.com.br\\\/produto\\\/maleta-para-medicao-de-parametros-hidraulicos-ecologger-p\\\/\",\"url\":\"https:\\\/\\\/sanesoluti.com.br\\\/produto\\\/maleta-para-medicao-de-parametros-hidraulicos-ecologger-p\\\/\",\"name\":\"Maleta para Medi\u00e7\u00e3o de Par\u00e2metros Hidr\u00e1ulicos - Ecologger-P - Sanesoluti\",\"isPartOf\":{\"@id\":\"https:\\\/\\\/sanesoluti.com.br\\\/#website\"},\"primaryImageOfPage\":{\"@id\":\"https:\\\/\\\/sanesoluti.com.br\\\/produto\\\/maleta-para-medicao-de-parametros-hidraulicos-ecologger-p\\\/#primaryimage\"},\"image\":{\"@id\":\"https:\\\/\\\/sanesoluti.com.br\\\/produto\\\/maleta-para-medicao-de-parametros-hidraulicos-ecologger-p\\\/#primaryimage\"},\"thumbnailUrl\":\"https:\\\/\\\/sanesoluti.com.br\\\/wp-content\\\/uploads\\\/2024\\\/10\\\/ecologger-p.jpg\",\"datePublished\":\"2024-10-17T14:34:20+00:00\",\"dateModified\":\"2025-09-17T18:55:16+00:00\",\"breadcrumb\":{\"@id\":\"https:\\\/\\\/sanesoluti.com.br\\\/produto\\\/maleta-para-medicao-de-parametros-hidraulicos-ecologger-p\\\/#breadcrumb\"},\"inLanguage\":\"en-US\",\"potentialAction\":[{\"@type\":\"ReadAction\",\"target\":[\"https:\\\/\\\/sanesoluti.com.br\\\/produto\\\/maleta-para-medicao-de-parametros-hidraulicos-ecologger-p\\\/\"]}]},{\"@type\":\"ImageObject\",\"inLanguage\":\"en-US\",\"@id\":\"https:\\\/\\\/sanesoluti.com.br\\\/produto\\\/maleta-para-medicao-de-parametros-hidraulicos-ecologger-p\\\/#primaryimage\",\"url\":\"https:\\\/\\\/sanesoluti.com.br\\\/wp-content\\\/uploads\\\/2024\\\/10\\\/ecologger-p.jpg\",\"contentUrl\":\"https:\\\/\\\/sanesoluti.com.br\\\/wp-content\\\/uploads\\\/2024\\\/10\\\/ecologger-p.jpg\",\"width\":500,\"height\":355,\"caption\":\"ecologger p\"},{\"@type\":\"BreadcrumbList\",\"@id\":\"https:\\\/\\\/sanesoluti.com.br\\\/produto\\\/maleta-para-medicao-de-parametros-hidraulicos-ecologger-p\\\/#breadcrumb\",\"itemListElement\":[{\"@type\":\"ListItem\",\"position\":1,\"name\":\"Loja Online\",\"item\":\"https:\\\/\\\/sanesoluti.com.br\\\/loja-online\\\/\"},{\"@type\":\"ListItem\",\"position\":2,\"name\":\"Maleta para Medi\u00e7\u00e3o de Par\u00e2metros Hidr\u00e1ulicos &#8211; Ecologger-P\"}]},{\"@type\":\"WebSite\",\"@id\":\"https:\\\/\\\/sanesoluti.com.br\\\/#website\",\"url\":\"https:\\\/\\\/sanesoluti.com.br\\\/\",\"name\":\"Sanesoluti\",\"description\":\"\",\"publisher\":{\"@id\":\"https:\\\/\\\/sanesoluti.com.br\\\/#organization\"},\"potentialAction\":[{\"@type\":\"SearchAction\",\"target\":{\"@type\":\"EntryPoint\",\"urlTemplate\":\"https:\\\/\\\/sanesoluti.com.br\\\/?s={search_term_string}\"},\"query-input\":{\"@type\":\"PropertyValueSpecification\",\"valueRequired\":true,\"valueName\":\"search_term_string\"}}],\"inLanguage\":\"en-US\"},{\"@type\":\"Organization\",\"@id\":\"https:\\\/\\\/sanesoluti.com.br\\\/#organization\",\"name\":\"Sanesoluti\",\"url\":\"https:\\\/\\\/sanesoluti.com.br\\\/\",\"logo\":{\"@type\":\"ImageObject\",\"inLanguage\":\"en-US\",\"@id\":\"https:\\\/\\\/sanesoluti.com.br\\\/#\\\/schema\\\/logo\\\/image\\\/\",\"url\":\"https:\\\/\\\/sanesoluti.com.br\\\/wp-content\\\/uploads\\\/2020\\\/02\\\/Logo-Sane-soluti.svg\",\"contentUrl\":\"https:\\\/\\\/sanesoluti.com.br\\\/wp-content\\\/uploads\\\/2020\\\/02\\\/Logo-Sane-soluti.svg\",\"width\":224,\"height\":36,\"caption\":\"Sanesoluti\"},\"image\":{\"@id\":\"https:\\\/\\\/sanesoluti.com.br\\\/#\\\/schema\\\/logo\\\/image\\\/\"}}]}<\/script>\n<!-- \/ Yoast SEO plugin. -->","yoast_head_json":{"title":"Maleta para Medi\u00e7\u00e3o de Par\u00e2metros Hidr\u00e1ulicos - Ecologger-P - Sanesoluti","robots":{"index":"index","follow":"follow","max-snippet":"max-snippet:-1","max-image-preview":"max-image-preview:large","max-video-preview":"max-video-preview:-1"},"canonical":"https:\/\/sanesoluti.com.br\/en\/product\/maleta-para-medicao-de-parametros-hidraulicos-ecologger-p\/","og_locale":"en_US","og_type":"article","og_title":"Maleta para Medi\u00e7\u00e3o de Par\u00e2metros Hidr\u00e1ulicos - Ecologger-P - Sanesoluti","og_description":"A Maleta Port\u00e1til de Pitometria \u2013 Ecologger-P \u00e9 a ferramenta essencial para medi\u00e7\u00f5es precisas em campo. Ela registra simultaneamente press\u00e3o diferencial, vaz\u00e3o instant\u00e2nea, velocidade e volume, oferecendo uma vis\u00e3o abrangente dos par\u00e2metros cr\u00edticos. Compacta e robusta, a Ecologger-P \u00e9 projetada para operar em condi\u00e7\u00f5es adversas e permite f\u00e1cil visualiza\u00e7\u00e3o dos dados em um display amplo. [&hellip;]","og_url":"https:\/\/sanesoluti.com.br\/en\/product\/maleta-para-medicao-de-parametros-hidraulicos-ecologger-p\/","og_site_name":"Sanesoluti","article_modified_time":"2025-09-17T18:55:16+00:00","og_image":[{"width":500,"height":355,"url":"https:\/\/sanesoluti.com.br\/wp-content\/uploads\/2024\/10\/ecologger-p.jpg","type":"image\/jpeg"}],"twitter_card":"summary_large_image","twitter_misc":{"Est. reading time":"1 minute"},"schema":{"@context":"https:\/\/schema.org","@graph":[{"@type":"WebPage","@id":"https:\/\/sanesoluti.com.br\/produto\/maleta-para-medicao-de-parametros-hidraulicos-ecologger-p\/","url":"https:\/\/sanesoluti.com.br\/produto\/maleta-para-medicao-de-parametros-hidraulicos-ecologger-p\/","name":"Maleta para Medi\u00e7\u00e3o de Par\u00e2metros Hidr\u00e1ulicos - Ecologger-P - Sanesoluti","isPartOf":{"@id":"https:\/\/sanesoluti.com.br\/#website"},"primaryImageOfPage":{"@id":"https:\/\/sanesoluti.com.br\/produto\/maleta-para-medicao-de-parametros-hidraulicos-ecologger-p\/#primaryimage"},"image":{"@id":"https:\/\/sanesoluti.com.br\/produto\/maleta-para-medicao-de-parametros-hidraulicos-ecologger-p\/#primaryimage"},"thumbnailUrl":"https:\/\/sanesoluti.com.br\/wp-content\/uploads\/2024\/10\/ecologger-p.jpg","datePublished":"2024-10-17T14:34:20+00:00","dateModified":"2025-09-17T18:55:16+00:00","breadcrumb":{"@id":"https:\/\/sanesoluti.com.br\/produto\/maleta-para-medicao-de-parametros-hidraulicos-ecologger-p\/#breadcrumb"},"inLanguage":"en-US","potentialAction":[{"@type":"ReadAction","target":["https:\/\/sanesoluti.com.br\/produto\/maleta-para-medicao-de-parametros-hidraulicos-ecologger-p\/"]}]},{"@type":"ImageObject","inLanguage":"en-US","@id":"https:\/\/sanesoluti.com.br\/produto\/maleta-para-medicao-de-parametros-hidraulicos-ecologger-p\/#primaryimage","url":"https:\/\/sanesoluti.com.br\/wp-content\/uploads\/2024\/10\/ecologger-p.jpg","contentUrl":"https:\/\/sanesoluti.com.br\/wp-content\/uploads\/2024\/10\/ecologger-p.jpg","width":500,"height":355,"caption":"ecologger p"},{"@type":"BreadcrumbList","@id":"https:\/\/sanesoluti.com.br\/produto\/maleta-para-medicao-de-parametros-hidraulicos-ecologger-p\/#breadcrumb","itemListElement":[{"@type":"ListItem","position":1,"name":"Loja Online","item":"https:\/\/sanesoluti.com.br\/loja-online\/"},{"@type":"ListItem","position":2,"name":"Maleta para Medi\u00e7\u00e3o de Par\u00e2metros Hidr\u00e1ulicos &#8211; Ecologger-P"}]},{"@type":"WebSite","@id":"https:\/\/sanesoluti.com.br\/#website","url":"https:\/\/sanesoluti.com.br\/","name":"Sanesoluti","description":"","publisher":{"@id":"https:\/\/sanesoluti.com.br\/#organization"},"potentialAction":[{"@type":"SearchAction","target":{"@type":"EntryPoint","urlTemplate":"https:\/\/sanesoluti.com.br\/?s={search_term_string}"},"query-input":{"@type":"PropertyValueSpecification","valueRequired":true,"valueName":"search_term_string"}}],"inLanguage":"en-US"},{"@type":"Organization","@id":"https:\/\/sanesoluti.com.br\/#organization","name":"Sanesoluti","url":"https:\/\/sanesoluti.com.br\/","logo":{"@type":"ImageObject","inLanguage":"en-US","@id":"https:\/\/sanesoluti.com.br\/#\/schema\/logo\/image\/","url":"https:\/\/sanesoluti.com.br\/wp-content\/uploads\/2020\/02\/Logo-Sane-soluti.svg","contentUrl":"https:\/\/sanesoluti.com.br\/wp-content\/uploads\/2020\/02\/Logo-Sane-soluti.svg","width":224,"height":36,"caption":"Sanesoluti"},"image":{"@id":"https:\/\/sanesoluti.com.br\/#\/schema\/logo\/image\/"}}]}},"_links":{"self":[{"href":"https:\/\/sanesoluti.com.br\/en\/wp-json\/wp\/v2\/product\/1707","targetHints":{"allow":["GET"]}}],"collection":[{"href":"https:\/\/sanesoluti.com.br\/en\/wp-json\/wp\/v2\/product"}],"about":[{"href":"https:\/\/sanesoluti.com.br\/en\/wp-json\/wp\/v2\/types\/product"}],"wp:featuredmedia":[{"embeddable":true,"href":"https:\/\/sanesoluti.com.br\/en\/wp-json\/wp\/v2\/media\/1768"}],"wp:attachment":[{"href":"https:\/\/sanesoluti.com.br\/en\/wp-json\/wp\/v2\/media?parent=1707"}],"wp:term":[{"taxonomy":"product_brand","embeddable":true,"href":"https:\/\/sanesoluti.com.br\/en\/wp-json\/wp\/v2\/product_brand?post=1707"},{"taxonomy":"product_cat","embeddable":true,"href":"https:\/\/sanesoluti.com.br\/en\/wp-json\/wp\/v2\/product_cat?post=1707"},{"taxonomy":"product_tag","embeddable":true,"href":"https:\/\/sanesoluti.com.br\/en\/wp-json\/wp\/v2\/product_tag?post=1707"},{"taxonomy":"proposito","embeddable":true,"href":"https:\/\/sanesoluti.com.br\/en\/wp-json\/wp\/v2\/proposito?post=1707"}],"curies":[{"name":"wp","href":"https:\/\/api.w.org\/{rel}","templated":true}]}}