{"id":1706,"date":"2024-10-17T11:29:22","date_gmt":"2024-10-17T14:29:22","guid":{"rendered":"https:\/\/sanesoluti.com.br\/?post_type=product&#038;p=1706"},"modified":"2025-09-17T15:55:16","modified_gmt":"2025-09-17T18:55:16","slug":"datalogger-de-pressao-e-vazao-ecologger","status":"publish","type":"product","link":"https:\/\/sanesoluti.com.br\/en\/product\/datalogger-de-pressao-e-vazao-ecologger\/","title":{"rendered":"Pressure and Flow Datalogger \u2013 Ecologger"},"content":{"rendered":"<p>O Ecologger \u00e9 um datalogger robusto e eficiente, ideal para o monitoramento preciso de redes de distribui\u00e7\u00e3o de \u00e1gua. Ele registra simultaneamente dados de press\u00e3o e vaz\u00e3o, com uma capacidade de armazenamento superior a 2 milh\u00f5es de medi\u00e7\u00f5es e uma bateria que garante opera\u00e7\u00e3o cont\u00ednua por at\u00e9 5 anos. Seu design compacto e resistente permite o uso em ambientes adversos, oferecendo durabilidade e confiabilidade.<br \/>\nEquipado com um display amplo, o Ecologger permite a visualiza\u00e7\u00e3o clara dos dados em tempo real, dispensando o uso de computadores no campo. A programa\u00e7\u00e3o \u00e9 f\u00e1cil e intuitiva atrav\u00e9s do teclado frontal, permitindo ajustes<br \/>\nr\u00e1pidos e personalizados. Com o Ecologger, voc\u00ea obt\u00e9m uma solu\u00e7\u00e3o pr\u00e1tica e eficaz para otimizar a gest\u00e3o e a manuten\u00e7\u00e3o de redes de abastecimento, assegurando a precis\u00e3o e a continuidade do monitoramento.<\/p>","protected":false},"excerpt":{"rendered":"<p>O Ecologger \u00e9 um datalogger robusto e eficiente, ideal para o monitoramento preciso de redes de distribui\u00e7\u00e3o de \u00e1gua. Ele registra simultaneamente dados de press\u00e3o e vaz\u00e3o, com uma capacidade de armazenamento superior a 2 milh\u00f5es de medi\u00e7\u00f5es e uma bateria que garante opera\u00e7\u00e3o cont\u00ednua por at\u00e9 5 anos. Seu design compacto e resistente permite [&hellip;]<\/p>","protected":false},"featured_media":1769,"template":"","meta":[],"product_brand":[],"product_cat":[28],"product_tag":[],"proposito":[35],"class_list":{"0":"post-1706","1":"product","2":"type-product","3":"status-publish","4":"has-post-thumbnail","6":"product_cat-data-loggers-pitometria","7":"proposito-orcamento","9":"first","10":"onbackorder","11":"virtual","12":"product-type-simple"},"yoast_head":"<!-- This site is optimized with the Yoast SEO plugin v27.3 - https:\/\/yoast.com\/product\/yoast-seo-wordpress\/ -->\n<title>Datalogger de Press\u00e3o e Vaz\u00e3o - Ecologger - Sanesoluti<\/title>\n<meta name=\"robots\" content=\"index, follow, max-snippet:-1, max-image-preview:large, max-video-preview:-1\" \/>\n<link rel=\"canonical\" href=\"https:\/\/sanesoluti.com.br\/en\/product\/datalogger-de-pressao-e-vazao-ecologger\/\" \/>\n<meta property=\"og:locale\" content=\"en_US\" \/>\n<meta property=\"og:type\" content=\"article\" \/>\n<meta property=\"og:title\" content=\"Datalogger de Press\u00e3o e Vaz\u00e3o - Ecologger - Sanesoluti\" \/>\n<meta property=\"og:description\" content=\"O Ecologger \u00e9 um datalogger robusto e eficiente, ideal para o monitoramento preciso de redes de distribui\u00e7\u00e3o de \u00e1gua. Ele registra simultaneamente dados de press\u00e3o e vaz\u00e3o, com uma capacidade de armazenamento superior a 2 milh\u00f5es de medi\u00e7\u00f5es e uma bateria que garante opera\u00e7\u00e3o cont\u00ednua por at\u00e9 5 anos. Seu design compacto e resistente permite [&hellip;]\" \/>\n<meta property=\"og:url\" content=\"https:\/\/sanesoluti.com.br\/en\/product\/datalogger-de-pressao-e-vazao-ecologger\/\" \/>\n<meta property=\"og:site_name\" content=\"Sanesoluti\" \/>\n<meta property=\"article:modified_time\" content=\"2025-09-17T18:55:16+00:00\" \/>\n<meta property=\"og:image\" content=\"https:\/\/sanesoluti.com.br\/wp-content\/uploads\/2024\/10\/ecologger.jpg\" \/>\n\t<meta property=\"og:image:width\" content=\"500\" \/>\n\t<meta property=\"og:image:height\" content=\"356\" \/>\n\t<meta property=\"og:image:type\" content=\"image\/jpeg\" \/>\n<meta name=\"twitter:card\" content=\"summary_large_image\" \/>\n<meta name=\"twitter:label1\" content=\"Est. reading time\" \/>\n\t<meta name=\"twitter:data1\" content=\"1 minute\" \/>\n<script type=\"application\/ld+json\" class=\"yoast-schema-graph\">{\"@context\":\"https:\\\/\\\/schema.org\",\"@graph\":[{\"@type\":\"WebPage\",\"@id\":\"https:\\\/\\\/sanesoluti.com.br\\\/produto\\\/datalogger-de-pressao-e-vazao-ecologger\\\/\",\"url\":\"https:\\\/\\\/sanesoluti.com.br\\\/produto\\\/datalogger-de-pressao-e-vazao-ecologger\\\/\",\"name\":\"Datalogger de Press\u00e3o e Vaz\u00e3o - Ecologger - Sanesoluti\",\"isPartOf\":{\"@id\":\"https:\\\/\\\/sanesoluti.com.br\\\/#website\"},\"primaryImageOfPage\":{\"@id\":\"https:\\\/\\\/sanesoluti.com.br\\\/produto\\\/datalogger-de-pressao-e-vazao-ecologger\\\/#primaryimage\"},\"image\":{\"@id\":\"https:\\\/\\\/sanesoluti.com.br\\\/produto\\\/datalogger-de-pressao-e-vazao-ecologger\\\/#primaryimage\"},\"thumbnailUrl\":\"https:\\\/\\\/sanesoluti.com.br\\\/wp-content\\\/uploads\\\/2024\\\/10\\\/ecologger.jpg\",\"datePublished\":\"2024-10-17T14:29:22+00:00\",\"dateModified\":\"2025-09-17T18:55:16+00:00\",\"breadcrumb\":{\"@id\":\"https:\\\/\\\/sanesoluti.com.br\\\/produto\\\/datalogger-de-pressao-e-vazao-ecologger\\\/#breadcrumb\"},\"inLanguage\":\"en-US\",\"potentialAction\":[{\"@type\":\"ReadAction\",\"target\":[\"https:\\\/\\\/sanesoluti.com.br\\\/produto\\\/datalogger-de-pressao-e-vazao-ecologger\\\/\"]}]},{\"@type\":\"ImageObject\",\"inLanguage\":\"en-US\",\"@id\":\"https:\\\/\\\/sanesoluti.com.br\\\/produto\\\/datalogger-de-pressao-e-vazao-ecologger\\\/#primaryimage\",\"url\":\"https:\\\/\\\/sanesoluti.com.br\\\/wp-content\\\/uploads\\\/2024\\\/10\\\/ecologger.jpg\",\"contentUrl\":\"https:\\\/\\\/sanesoluti.com.br\\\/wp-content\\\/uploads\\\/2024\\\/10\\\/ecologger.jpg\",\"width\":500,\"height\":356,\"caption\":\"ecologger\"},{\"@type\":\"BreadcrumbList\",\"@id\":\"https:\\\/\\\/sanesoluti.com.br\\\/produto\\\/datalogger-de-pressao-e-vazao-ecologger\\\/#breadcrumb\",\"itemListElement\":[{\"@type\":\"ListItem\",\"position\":1,\"name\":\"Loja Online\",\"item\":\"https:\\\/\\\/sanesoluti.com.br\\\/loja-online\\\/\"},{\"@type\":\"ListItem\",\"position\":2,\"name\":\"Datalogger de Press\u00e3o e Vaz\u00e3o &#8211; Ecologger\"}]},{\"@type\":\"WebSite\",\"@id\":\"https:\\\/\\\/sanesoluti.com.br\\\/#website\",\"url\":\"https:\\\/\\\/sanesoluti.com.br\\\/\",\"name\":\"Sanesoluti\",\"description\":\"\",\"publisher\":{\"@id\":\"https:\\\/\\\/sanesoluti.com.br\\\/#organization\"},\"potentialAction\":[{\"@type\":\"SearchAction\",\"target\":{\"@type\":\"EntryPoint\",\"urlTemplate\":\"https:\\\/\\\/sanesoluti.com.br\\\/?s={search_term_string}\"},\"query-input\":{\"@type\":\"PropertyValueSpecification\",\"valueRequired\":true,\"valueName\":\"search_term_string\"}}],\"inLanguage\":\"en-US\"},{\"@type\":\"Organization\",\"@id\":\"https:\\\/\\\/sanesoluti.com.br\\\/#organization\",\"name\":\"Sanesoluti\",\"url\":\"https:\\\/\\\/sanesoluti.com.br\\\/\",\"logo\":{\"@type\":\"ImageObject\",\"inLanguage\":\"en-US\",\"@id\":\"https:\\\/\\\/sanesoluti.com.br\\\/#\\\/schema\\\/logo\\\/image\\\/\",\"url\":\"https:\\\/\\\/sanesoluti.com.br\\\/wp-content\\\/uploads\\\/2020\\\/02\\\/Logo-Sane-soluti.svg\",\"contentUrl\":\"https:\\\/\\\/sanesoluti.com.br\\\/wp-content\\\/uploads\\\/2020\\\/02\\\/Logo-Sane-soluti.svg\",\"width\":224,\"height\":36,\"caption\":\"Sanesoluti\"},\"image\":{\"@id\":\"https:\\\/\\\/sanesoluti.com.br\\\/#\\\/schema\\\/logo\\\/image\\\/\"}}]}<\/script>\n<!-- \/ Yoast SEO plugin. -->","yoast_head_json":{"title":"Datalogger de Press\u00e3o e Vaz\u00e3o - Ecologger - Sanesoluti","robots":{"index":"index","follow":"follow","max-snippet":"max-snippet:-1","max-image-preview":"max-image-preview:large","max-video-preview":"max-video-preview:-1"},"canonical":"https:\/\/sanesoluti.com.br\/en\/product\/datalogger-de-pressao-e-vazao-ecologger\/","og_locale":"en_US","og_type":"article","og_title":"Datalogger de Press\u00e3o e Vaz\u00e3o - Ecologger - Sanesoluti","og_description":"O Ecologger \u00e9 um datalogger robusto e eficiente, ideal para o monitoramento preciso de redes de distribui\u00e7\u00e3o de \u00e1gua. Ele registra simultaneamente dados de press\u00e3o e vaz\u00e3o, com uma capacidade de armazenamento superior a 2 milh\u00f5es de medi\u00e7\u00f5es e uma bateria que garante opera\u00e7\u00e3o cont\u00ednua por at\u00e9 5 anos. Seu design compacto e resistente permite [&hellip;]","og_url":"https:\/\/sanesoluti.com.br\/en\/product\/datalogger-de-pressao-e-vazao-ecologger\/","og_site_name":"Sanesoluti","article_modified_time":"2025-09-17T18:55:16+00:00","og_image":[{"width":500,"height":356,"url":"https:\/\/sanesoluti.com.br\/wp-content\/uploads\/2024\/10\/ecologger.jpg","type":"image\/jpeg"}],"twitter_card":"summary_large_image","twitter_misc":{"Est. reading time":"1 minute"},"schema":{"@context":"https:\/\/schema.org","@graph":[{"@type":"WebPage","@id":"https:\/\/sanesoluti.com.br\/produto\/datalogger-de-pressao-e-vazao-ecologger\/","url":"https:\/\/sanesoluti.com.br\/produto\/datalogger-de-pressao-e-vazao-ecologger\/","name":"Datalogger de Press\u00e3o e Vaz\u00e3o - Ecologger - Sanesoluti","isPartOf":{"@id":"https:\/\/sanesoluti.com.br\/#website"},"primaryImageOfPage":{"@id":"https:\/\/sanesoluti.com.br\/produto\/datalogger-de-pressao-e-vazao-ecologger\/#primaryimage"},"image":{"@id":"https:\/\/sanesoluti.com.br\/produto\/datalogger-de-pressao-e-vazao-ecologger\/#primaryimage"},"thumbnailUrl":"https:\/\/sanesoluti.com.br\/wp-content\/uploads\/2024\/10\/ecologger.jpg","datePublished":"2024-10-17T14:29:22+00:00","dateModified":"2025-09-17T18:55:16+00:00","breadcrumb":{"@id":"https:\/\/sanesoluti.com.br\/produto\/datalogger-de-pressao-e-vazao-ecologger\/#breadcrumb"},"inLanguage":"en-US","potentialAction":[{"@type":"ReadAction","target":["https:\/\/sanesoluti.com.br\/produto\/datalogger-de-pressao-e-vazao-ecologger\/"]}]},{"@type":"ImageObject","inLanguage":"en-US","@id":"https:\/\/sanesoluti.com.br\/produto\/datalogger-de-pressao-e-vazao-ecologger\/#primaryimage","url":"https:\/\/sanesoluti.com.br\/wp-content\/uploads\/2024\/10\/ecologger.jpg","contentUrl":"https:\/\/sanesoluti.com.br\/wp-content\/uploads\/2024\/10\/ecologger.jpg","width":500,"height":356,"caption":"ecologger"},{"@type":"BreadcrumbList","@id":"https:\/\/sanesoluti.com.br\/produto\/datalogger-de-pressao-e-vazao-ecologger\/#breadcrumb","itemListElement":[{"@type":"ListItem","position":1,"name":"Loja Online","item":"https:\/\/sanesoluti.com.br\/loja-online\/"},{"@type":"ListItem","position":2,"name":"Datalogger de Press\u00e3o e Vaz\u00e3o &#8211; Ecologger"}]},{"@type":"WebSite","@id":"https:\/\/sanesoluti.com.br\/#website","url":"https:\/\/sanesoluti.com.br\/","name":"Sanesoluti","description":"","publisher":{"@id":"https:\/\/sanesoluti.com.br\/#organization"},"potentialAction":[{"@type":"SearchAction","target":{"@type":"EntryPoint","urlTemplate":"https:\/\/sanesoluti.com.br\/?s={search_term_string}"},"query-input":{"@type":"PropertyValueSpecification","valueRequired":true,"valueName":"search_term_string"}}],"inLanguage":"en-US"},{"@type":"Organization","@id":"https:\/\/sanesoluti.com.br\/#organization","name":"Sanesoluti","url":"https:\/\/sanesoluti.com.br\/","logo":{"@type":"ImageObject","inLanguage":"en-US","@id":"https:\/\/sanesoluti.com.br\/#\/schema\/logo\/image\/","url":"https:\/\/sanesoluti.com.br\/wp-content\/uploads\/2020\/02\/Logo-Sane-soluti.svg","contentUrl":"https:\/\/sanesoluti.com.br\/wp-content\/uploads\/2020\/02\/Logo-Sane-soluti.svg","width":224,"height":36,"caption":"Sanesoluti"},"image":{"@id":"https:\/\/sanesoluti.com.br\/#\/schema\/logo\/image\/"}}]}},"_links":{"self":[{"href":"https:\/\/sanesoluti.com.br\/en\/wp-json\/wp\/v2\/product\/1706","targetHints":{"allow":["GET"]}}],"collection":[{"href":"https:\/\/sanesoluti.com.br\/en\/wp-json\/wp\/v2\/product"}],"about":[{"href":"https:\/\/sanesoluti.com.br\/en\/wp-json\/wp\/v2\/types\/product"}],"wp:featuredmedia":[{"embeddable":true,"href":"https:\/\/sanesoluti.com.br\/en\/wp-json\/wp\/v2\/media\/1769"}],"wp:attachment":[{"href":"https:\/\/sanesoluti.com.br\/en\/wp-json\/wp\/v2\/media?parent=1706"}],"wp:term":[{"taxonomy":"product_brand","embeddable":true,"href":"https:\/\/sanesoluti.com.br\/en\/wp-json\/wp\/v2\/product_brand?post=1706"},{"taxonomy":"product_cat","embeddable":true,"href":"https:\/\/sanesoluti.com.br\/en\/wp-json\/wp\/v2\/product_cat?post=1706"},{"taxonomy":"product_tag","embeddable":true,"href":"https:\/\/sanesoluti.com.br\/en\/wp-json\/wp\/v2\/product_tag?post=1706"},{"taxonomy":"proposito","embeddable":true,"href":"https:\/\/sanesoluti.com.br\/en\/wp-json\/wp\/v2\/proposito?post=1706"}],"curies":[{"name":"wp","href":"https:\/\/api.w.org\/{rel}","templated":true}]}}