{"id":1704,"date":"2024-10-17T10:41:47","date_gmt":"2024-10-17T13:41:47","guid":{"rendered":"https:\/\/sanesoluti.com.br\/?post_type=product&#038;p=1704"},"modified":"2025-09-18T08:13:18","modified_gmt":"2025-09-18T11:13:18","slug":"geofone-eletronico-e-haste-de-escuta-eco100","status":"publish","type":"product","link":"https:\/\/sanesoluti.com.br\/en\/product\/geofone-eletronico-e-haste-de-escuta-eco100\/","title":{"rendered":"Electronic Geophone and Listening Rod \u2013 ECO100"},"content":{"rendered":"<p>O ECO100 \u00e9 um equipamento ac\u00fastico, destinado a captar ru\u00eddos e transmiti-los ao operador, atrav\u00e9s do fone de ouvido. Sendo utilizado como ferramenta para localizar vazamentos n\u00e3o vis\u00edveis em tubula\u00e7\u00f5es enterradas, que conduzem \u00e1gua sob press\u00e3o.<\/p>\n<p>O Geofone Eletr\u00f4nico \u00e9 o equipamento fundamental para realizar qualquer pesquisa de vazamento, portanto recomenda-se que seja o primeiro equipamento a ser adquirido pelas empresas que pretendem desenvolver atividades de pesquisa de vazamento. Os geofones tamb\u00e9m podem ser usados na localiza\u00e7\u00e3o de redes e ramais, liga\u00e7\u00f5es clandestinas e fraudes, combinado com uma v\u00e1lvula pulsadora.<\/p>","protected":false},"excerpt":{"rendered":"<p>O ECO100 \u00e9 um equipamento ac\u00fastico, destinado a captar ru\u00eddos e transmiti-los ao operador, atrav\u00e9s do fone de ouvido. Sendo utilizado como ferramenta para localizar vazamentos n\u00e3o vis\u00edveis em tubula\u00e7\u00f5es enterradas, que conduzem \u00e1gua sob press\u00e3o. O Geofone Eletr\u00f4nico \u00e9 o equipamento fundamental para realizar qualquer pesquisa de vazamento, portanto recomenda-se que seja o primeiro [&hellip;]<\/p>","protected":false},"featured_media":1737,"template":"","meta":[],"product_brand":[],"product_cat":[22],"product_tag":[],"proposito":[34,35],"class_list":{"0":"post-1704","1":"product","2":"type-product","3":"status-publish","4":"has-post-thumbnail","6":"product_cat-pesquisa-de-vazamento","7":"proposito-loja","8":"proposito-orcamento","10":"first","11":"onbackorder","12":"downloadable","13":"shipping-taxable","14":"purchasable","15":"product-type-simple"},"yoast_head":"<!-- This site is optimized with the Yoast SEO plugin v27.3 - https:\/\/yoast.com\/product\/yoast-seo-wordpress\/ -->\n<title>Geofone Eletr\u00f4nico e Haste de Escuta - ECO100 - Sanesoluti<\/title>\n<meta name=\"robots\" content=\"index, follow, max-snippet:-1, max-image-preview:large, max-video-preview:-1\" \/>\n<link rel=\"canonical\" href=\"https:\/\/sanesoluti.com.br\/en\/product\/geofone-eletronico-e-haste-de-escuta-eco100\/\" \/>\n<meta property=\"og:locale\" content=\"en_US\" \/>\n<meta property=\"og:type\" content=\"article\" \/>\n<meta property=\"og:title\" content=\"Geofone Eletr\u00f4nico e Haste de Escuta - ECO100 - Sanesoluti\" \/>\n<meta property=\"og:description\" content=\"O ECO100 \u00e9 um equipamento ac\u00fastico, destinado a captar ru\u00eddos e transmiti-los ao operador, atrav\u00e9s do fone de ouvido. Sendo utilizado como ferramenta para localizar vazamentos n\u00e3o vis\u00edveis em tubula\u00e7\u00f5es enterradas, que conduzem \u00e1gua sob press\u00e3o. O Geofone Eletr\u00f4nico \u00e9 o equipamento fundamental para realizar qualquer pesquisa de vazamento, portanto recomenda-se que seja o primeiro [&hellip;]\" \/>\n<meta property=\"og:url\" content=\"https:\/\/sanesoluti.com.br\/en\/product\/geofone-eletronico-e-haste-de-escuta-eco100\/\" \/>\n<meta property=\"og:site_name\" content=\"Sanesoluti\" \/>\n<meta property=\"article:modified_time\" content=\"2025-09-18T11:13:18+00:00\" \/>\n<meta property=\"og:image\" content=\"https:\/\/sanesoluti.com.br\/wp-content\/uploads\/2024\/10\/ECO100-768x1024.png\" \/>\n\t<meta property=\"og:image:width\" content=\"768\" \/>\n\t<meta property=\"og:image:height\" content=\"1024\" \/>\n\t<meta property=\"og:image:type\" content=\"image\/png\" \/>\n<meta name=\"twitter:card\" content=\"summary_large_image\" \/>\n<meta name=\"twitter:label1\" content=\"Est. reading time\" \/>\n\t<meta name=\"twitter:data1\" content=\"1 minute\" \/>\n<script type=\"application\/ld+json\" class=\"yoast-schema-graph\">{\"@context\":\"https:\\\/\\\/schema.org\",\"@graph\":[{\"@type\":\"WebPage\",\"@id\":\"https:\\\/\\\/sanesoluti.com.br\\\/produto\\\/geofone-eletronico-e-haste-de-escuta-eco100\\\/\",\"url\":\"https:\\\/\\\/sanesoluti.com.br\\\/produto\\\/geofone-eletronico-e-haste-de-escuta-eco100\\\/\",\"name\":\"Geofone Eletr\u00f4nico e Haste de Escuta - ECO100 - Sanesoluti\",\"isPartOf\":{\"@id\":\"https:\\\/\\\/sanesoluti.com.br\\\/#website\"},\"primaryImageOfPage\":{\"@id\":\"https:\\\/\\\/sanesoluti.com.br\\\/produto\\\/geofone-eletronico-e-haste-de-escuta-eco100\\\/#primaryimage\"},\"image\":{\"@id\":\"https:\\\/\\\/sanesoluti.com.br\\\/produto\\\/geofone-eletronico-e-haste-de-escuta-eco100\\\/#primaryimage\"},\"thumbnailUrl\":\"https:\\\/\\\/sanesoluti.com.br\\\/wp-content\\\/uploads\\\/2024\\\/10\\\/ECO100.png\",\"datePublished\":\"2024-10-17T13:41:47+00:00\",\"dateModified\":\"2025-09-18T11:13:18+00:00\",\"breadcrumb\":{\"@id\":\"https:\\\/\\\/sanesoluti.com.br\\\/produto\\\/geofone-eletronico-e-haste-de-escuta-eco100\\\/#breadcrumb\"},\"inLanguage\":\"en-US\",\"potentialAction\":[{\"@type\":\"ReadAction\",\"target\":[\"https:\\\/\\\/sanesoluti.com.br\\\/produto\\\/geofone-eletronico-e-haste-de-escuta-eco100\\\/\"]}]},{\"@type\":\"ImageObject\",\"inLanguage\":\"en-US\",\"@id\":\"https:\\\/\\\/sanesoluti.com.br\\\/produto\\\/geofone-eletronico-e-haste-de-escuta-eco100\\\/#primaryimage\",\"url\":\"https:\\\/\\\/sanesoluti.com.br\\\/wp-content\\\/uploads\\\/2024\\\/10\\\/ECO100.png\",\"contentUrl\":\"https:\\\/\\\/sanesoluti.com.br\\\/wp-content\\\/uploads\\\/2024\\\/10\\\/ECO100.png\",\"width\":3000,\"height\":4000,\"caption\":\"ECO\"},{\"@type\":\"BreadcrumbList\",\"@id\":\"https:\\\/\\\/sanesoluti.com.br\\\/produto\\\/geofone-eletronico-e-haste-de-escuta-eco100\\\/#breadcrumb\",\"itemListElement\":[{\"@type\":\"ListItem\",\"position\":1,\"name\":\"Loja Online\",\"item\":\"https:\\\/\\\/sanesoluti.com.br\\\/loja-online\\\/\"},{\"@type\":\"ListItem\",\"position\":2,\"name\":\"Geofone Eletr\u00f4nico e Haste de Escuta &#8211; ECO100\"}]},{\"@type\":\"WebSite\",\"@id\":\"https:\\\/\\\/sanesoluti.com.br\\\/#website\",\"url\":\"https:\\\/\\\/sanesoluti.com.br\\\/\",\"name\":\"Sanesoluti\",\"description\":\"\",\"publisher\":{\"@id\":\"https:\\\/\\\/sanesoluti.com.br\\\/#organization\"},\"potentialAction\":[{\"@type\":\"SearchAction\",\"target\":{\"@type\":\"EntryPoint\",\"urlTemplate\":\"https:\\\/\\\/sanesoluti.com.br\\\/?s={search_term_string}\"},\"query-input\":{\"@type\":\"PropertyValueSpecification\",\"valueRequired\":true,\"valueName\":\"search_term_string\"}}],\"inLanguage\":\"en-US\"},{\"@type\":\"Organization\",\"@id\":\"https:\\\/\\\/sanesoluti.com.br\\\/#organization\",\"name\":\"Sanesoluti\",\"url\":\"https:\\\/\\\/sanesoluti.com.br\\\/\",\"logo\":{\"@type\":\"ImageObject\",\"inLanguage\":\"en-US\",\"@id\":\"https:\\\/\\\/sanesoluti.com.br\\\/#\\\/schema\\\/logo\\\/image\\\/\",\"url\":\"https:\\\/\\\/sanesoluti.com.br\\\/wp-content\\\/uploads\\\/2020\\\/02\\\/Logo-Sane-soluti.svg\",\"contentUrl\":\"https:\\\/\\\/sanesoluti.com.br\\\/wp-content\\\/uploads\\\/2020\\\/02\\\/Logo-Sane-soluti.svg\",\"width\":224,\"height\":36,\"caption\":\"Sanesoluti\"},\"image\":{\"@id\":\"https:\\\/\\\/sanesoluti.com.br\\\/#\\\/schema\\\/logo\\\/image\\\/\"}}]}<\/script>\n<!-- \/ Yoast SEO plugin. -->","yoast_head_json":{"title":"Geofone Eletr\u00f4nico e Haste de Escuta - ECO100 - Sanesoluti","robots":{"index":"index","follow":"follow","max-snippet":"max-snippet:-1","max-image-preview":"max-image-preview:large","max-video-preview":"max-video-preview:-1"},"canonical":"https:\/\/sanesoluti.com.br\/en\/product\/geofone-eletronico-e-haste-de-escuta-eco100\/","og_locale":"en_US","og_type":"article","og_title":"Geofone Eletr\u00f4nico e Haste de Escuta - ECO100 - Sanesoluti","og_description":"O ECO100 \u00e9 um equipamento ac\u00fastico, destinado a captar ru\u00eddos e transmiti-los ao operador, atrav\u00e9s do fone de ouvido. Sendo utilizado como ferramenta para localizar vazamentos n\u00e3o vis\u00edveis em tubula\u00e7\u00f5es enterradas, que conduzem \u00e1gua sob press\u00e3o. O Geofone Eletr\u00f4nico \u00e9 o equipamento fundamental para realizar qualquer pesquisa de vazamento, portanto recomenda-se que seja o primeiro [&hellip;]","og_url":"https:\/\/sanesoluti.com.br\/en\/product\/geofone-eletronico-e-haste-de-escuta-eco100\/","og_site_name":"Sanesoluti","article_modified_time":"2025-09-18T11:13:18+00:00","og_image":[{"width":768,"height":1024,"url":"https:\/\/sanesoluti.com.br\/wp-content\/uploads\/2024\/10\/ECO100-768x1024.png","type":"image\/png"}],"twitter_card":"summary_large_image","twitter_misc":{"Est. reading time":"1 minute"},"schema":{"@context":"https:\/\/schema.org","@graph":[{"@type":"WebPage","@id":"https:\/\/sanesoluti.com.br\/produto\/geofone-eletronico-e-haste-de-escuta-eco100\/","url":"https:\/\/sanesoluti.com.br\/produto\/geofone-eletronico-e-haste-de-escuta-eco100\/","name":"Geofone Eletr\u00f4nico e Haste de Escuta - ECO100 - Sanesoluti","isPartOf":{"@id":"https:\/\/sanesoluti.com.br\/#website"},"primaryImageOfPage":{"@id":"https:\/\/sanesoluti.com.br\/produto\/geofone-eletronico-e-haste-de-escuta-eco100\/#primaryimage"},"image":{"@id":"https:\/\/sanesoluti.com.br\/produto\/geofone-eletronico-e-haste-de-escuta-eco100\/#primaryimage"},"thumbnailUrl":"https:\/\/sanesoluti.com.br\/wp-content\/uploads\/2024\/10\/ECO100.png","datePublished":"2024-10-17T13:41:47+00:00","dateModified":"2025-09-18T11:13:18+00:00","breadcrumb":{"@id":"https:\/\/sanesoluti.com.br\/produto\/geofone-eletronico-e-haste-de-escuta-eco100\/#breadcrumb"},"inLanguage":"en-US","potentialAction":[{"@type":"ReadAction","target":["https:\/\/sanesoluti.com.br\/produto\/geofone-eletronico-e-haste-de-escuta-eco100\/"]}]},{"@type":"ImageObject","inLanguage":"en-US","@id":"https:\/\/sanesoluti.com.br\/produto\/geofone-eletronico-e-haste-de-escuta-eco100\/#primaryimage","url":"https:\/\/sanesoluti.com.br\/wp-content\/uploads\/2024\/10\/ECO100.png","contentUrl":"https:\/\/sanesoluti.com.br\/wp-content\/uploads\/2024\/10\/ECO100.png","width":3000,"height":4000,"caption":"ECO"},{"@type":"BreadcrumbList","@id":"https:\/\/sanesoluti.com.br\/produto\/geofone-eletronico-e-haste-de-escuta-eco100\/#breadcrumb","itemListElement":[{"@type":"ListItem","position":1,"name":"Loja Online","item":"https:\/\/sanesoluti.com.br\/loja-online\/"},{"@type":"ListItem","position":2,"name":"Geofone Eletr\u00f4nico e Haste de Escuta &#8211; ECO100"}]},{"@type":"WebSite","@id":"https:\/\/sanesoluti.com.br\/#website","url":"https:\/\/sanesoluti.com.br\/","name":"Sanesoluti","description":"","publisher":{"@id":"https:\/\/sanesoluti.com.br\/#organization"},"potentialAction":[{"@type":"SearchAction","target":{"@type":"EntryPoint","urlTemplate":"https:\/\/sanesoluti.com.br\/?s={search_term_string}"},"query-input":{"@type":"PropertyValueSpecification","valueRequired":true,"valueName":"search_term_string"}}],"inLanguage":"en-US"},{"@type":"Organization","@id":"https:\/\/sanesoluti.com.br\/#organization","name":"Sanesoluti","url":"https:\/\/sanesoluti.com.br\/","logo":{"@type":"ImageObject","inLanguage":"en-US","@id":"https:\/\/sanesoluti.com.br\/#\/schema\/logo\/image\/","url":"https:\/\/sanesoluti.com.br\/wp-content\/uploads\/2020\/02\/Logo-Sane-soluti.svg","contentUrl":"https:\/\/sanesoluti.com.br\/wp-content\/uploads\/2020\/02\/Logo-Sane-soluti.svg","width":224,"height":36,"caption":"Sanesoluti"},"image":{"@id":"https:\/\/sanesoluti.com.br\/#\/schema\/logo\/image\/"}}]}},"_links":{"self":[{"href":"https:\/\/sanesoluti.com.br\/en\/wp-json\/wp\/v2\/product\/1704","targetHints":{"allow":["GET"]}}],"collection":[{"href":"https:\/\/sanesoluti.com.br\/en\/wp-json\/wp\/v2\/product"}],"about":[{"href":"https:\/\/sanesoluti.com.br\/en\/wp-json\/wp\/v2\/types\/product"}],"wp:featuredmedia":[{"embeddable":true,"href":"https:\/\/sanesoluti.com.br\/en\/wp-json\/wp\/v2\/media\/1737"}],"wp:attachment":[{"href":"https:\/\/sanesoluti.com.br\/en\/wp-json\/wp\/v2\/media?parent=1704"}],"wp:term":[{"taxonomy":"product_brand","embeddable":true,"href":"https:\/\/sanesoluti.com.br\/en\/wp-json\/wp\/v2\/product_brand?post=1704"},{"taxonomy":"product_cat","embeddable":true,"href":"https:\/\/sanesoluti.com.br\/en\/wp-json\/wp\/v2\/product_cat?post=1704"},{"taxonomy":"product_tag","embeddable":true,"href":"https:\/\/sanesoluti.com.br\/en\/wp-json\/wp\/v2\/product_tag?post=1704"},{"taxonomy":"proposito","embeddable":true,"href":"https:\/\/sanesoluti.com.br\/en\/wp-json\/wp\/v2\/proposito?post=1704"}],"curies":[{"name":"wp","href":"https:\/\/api.w.org\/{rel}","templated":true}]}}